{"id":31,"date":"2025-11-04T14:14:10","date_gmt":"2025-11-04T13:14:10","guid":{"rendered":"https:\/\/wollen-wir-windkraft.de\/?page_id=31"},"modified":"2026-05-12T19:43:57","modified_gmt":"2026-05-12T17:43:57","slug":"neuigkeiten","status":"publish","type":"page","link":"https:\/\/wollen-wir-windkraft.de\/?page_id=31","title":{"rendered":"Neuigkeiten"},"content":{"rendered":"\n<ul class=\"wp-block-list\">\n<li><strong>11.05.2026<\/strong> &#8211; Die sog. RCP8.5-Annahmen des IPCC (Weltklimarat) wurden von diesem selbst als &#8222;unplausibel&#8220; einger\u00e4umt, was alle bisher angef\u00fchrten Behauptungen zum &#8222;Vergl\u00fchen des Planeten&#8220; in Frage bzw. ad absurdum f\u00fchrt. Dar\u00fcber wird unter anderem wie folgt berichtet: <a href=\"https:\/\/tkp.at\/2026\/05\/06\/rcp8-5-ist-offiziell-tot-die-un-eu-klimakatastrophen-szenarien-verlieren-ihre-grundlage\/\">https:\/\/tkp.at\/2026\/05\/06\/rcp8-5-ist-offiziell-tot-die-un-eu-klimakatastrophen-szenarien-verlieren-ihre-grundlage\/<\/a> &#8211; <a href=\"https:\/\/eike-klima-energie.eu\/2026\/05\/10\/ipcc-raeumt-ein-apokalyptische-klimaszenarien-sind-unplausibel-was-bedeutet-dass-die-meisten-panikmache-berichte-der-medien-der-letzten-15-jahre-offiziell-als-unsinn-gelt\/\">https:\/\/eike-klima-energie.eu\/2026\/05\/10\/ipcc-raeumt-ein-apokalyptische-klimaszenarien-sind-unplausibel-was-bedeutet-dass-die-meisten-panikmache-berichte-der-medien-der-letzten-15-jahre-offiziell-als-unsinn-gelt\/<\/a> &#8211; <a href=\"https:\/\/clintel.org\/das-weltuntergangsszenario-des-ipcc-ist-tot-aber-noch-nicht-beerdigt\/\">https:\/\/clintel.org\/das-weltuntergangsszenario-des-ipcc-ist-tot-aber-noch-nicht-beerdigt\/<\/a> ; und auch Stefan Spiegelsberger hat sich des Themas angenommen: <a href=\"https:\/\/www.youtube.com\/watch?v=GdOpHTt9pMI\">https:\/\/www.youtube.com\/watch?v=GdOpHTt9pMI<\/a><\/li>\n\n\n\n<li><strong>11.05.2026<\/strong> &#8211; Weiterer Artikel zur Mainzer Studie &#8211; Die Wirkmechanismen des Infraschalls &#8211; <a href=\"https:\/\/tkp.at\/2026\/05\/11\/herzinfarkt-vom-windrad-durch-infraschall-hier-sind-die-wirk-mechanismen-im-ueberblick\/\">https:\/\/tkp.at\/2026\/05\/11\/herzinfarkt-vom-windrad-durch-infraschall-hier-sind-die-wirk-mechanismen-im-ueberblick\/<\/a><\/li>\n\n\n\n<li><strong>05.05.2026<\/strong> &#8211; Die unten angef\u00fchrte Mainzer Studie offenbart, dass Infraschall die Kontraktionskraft von menschlichem Herzmuskelgewebe bereits nach einer Stunde signifikant sinken l\u00e4sst!!! &#8211; <a href=\"https:\/\/tkp.at\/2026\/05\/05\/infraschall-von-windraedern-greift-direkt-das-herz-an-mainzer-studie-beweist-massive-schaedigung-der-herzmuskelkontraktion\/\">https:\/\/tkp.at\/2026\/05\/05\/infraschall-von-windraedern-greift-direkt-das-herz-an-mainzer-studie-beweist-massive-schaedigung-der-herzmuskelkontraktion\/<\/a><\/li>\n\n\n\n<li><strong>02.05.2026<\/strong> &#8211; Neue Studie der Mainzer Johannes-Gutenberg-Universit\u00e4t mit dem Titel \u201e<strong>Deutlich erh\u00f6hte Inzidenz von Herzinsuffizienz und Rhythmusst\u00f6rungen in Kommunen mit erheblichem Ausbau der Windenergie<\/strong>\u201c &#8211; <a href=\"https:\/\/tkp.at\/2026\/05\/02\/infraschall-von-windraedern-macht-krank-neue-mainzer-studie-belegt-massiv-erhoehtes-risiko-fuer-herzschaeden\/\">https:\/\/tkp.at\/2026\/05\/02\/infraschall-von-windraedern-macht-krank-neue-mainzer-studie-belegt-massiv-erhoehtes-risiko-fuer-herzschaeden\/<\/a><\/li>\n\n\n\n<li><strong>26.04.2026<\/strong> &#8211; &#8230; und weiter geht der Wahnsinn: <strong>-480 \u20ac\/MWh<\/strong> wegen zu viel Solar &#8211; <a href=\"https:\/\/www.youtube.com\/watch?v=vbx6nGV4uJc\">https:\/\/www.youtube.com\/watch?v=vbx6nGV4uJc<\/a> &#8211; Stefan Spiegelsberger erkl\u00e4rt warum!<\/li>\n\n\n\n<li><strong>25.04.2026<\/strong> &#8211; Neues Video von Prof. Dr. Andreas Schulte auf dessen Youtube-Kanal &#8222;CumTempore&#8220; &#8211; <strong>!!!Absolute Empfehlung!!!<\/strong> &#8211; <a href=\"https:\/\/www.youtube.com\/watch?v=kyIzD5PZjqw\">https:\/\/www.youtube.com\/watch?v=kyIzD5PZjqw<\/a><\/li>\n\n\n\n<li><strong>14.04.2026<\/strong> &#8211; Neuer Rundbrief von Prof. Dr. Vahrenholt bringt es auf den Punkt: <strong><em>\u201cDiese Energiewende bringt uns um\u201d<\/em><\/strong> &#8211; <a href=\"https:\/\/clintel.org\/fritz-vahrenholt-diese-energiewende-bringt-uns-um\/\">https:\/\/clintel.org\/fritz-vahrenholt-diese-energiewende-bringt-uns-um\/<\/a> &#8211; lesenswert!<\/li>\n\n\n\n<li><strong>10.04.2026<\/strong> &#8211; Bundeswirtschaftsministerium erkennt den wirtschaftlichen Irrsinn der bisher ideologiegetriebenen Energiewende &#8211; <a href=\"https:\/\/www.youtube.com\/watch?v=bkT4clvUS-Y\">https:\/\/www.youtube.com\/watch?v=bkT4clvUS-Y<\/a><\/li>\n\n\n\n<li><strong>08.04.2026<\/strong> &#8211; 32.000 MW abgeregelt &#8211; \u00dcber 100 Mio. \u20ac Steuergeld an einem Tag &#8222;verbrannt&#8220; &#8211; <a href=\"https:\/\/www.youtube.com\/watch?v=F6vdH6RQirA&amp;t=11s\">https:\/\/www.youtube.com\/watch?v=F6vdH6RQirA&amp;t=11s<\/a><\/li>\n\n\n\n<li><strong>06.04.2026<\/strong> &#8211; 40.000 MW zuviel Strom im Netz (Prognose f\u00fcr Ostersonntag) &#8211; <a href=\"https:\/\/www.youtube.com\/watch?v=-D9NWiXHp6I\">https:\/\/www.youtube.com\/watch?v=-D9NWiXHp6I<\/a> &#8211; &#8230; und was daraus tats\u00e4chlich geworden ist (siehe 08.04.2026 \u261d)<\/li>\n\n\n\n<li><strong>03.04.2026<\/strong> &#8211; K\u00fcnftig bis zu 25% weniger Ertrag beim Betrieb von Windr\u00e4dern &#8211; neues Video von Stefan Spiegelsberger &#8211; <a href=\"https:\/\/www.youtube.com\/watch?v=MAC09jbZpo0\">https:\/\/www.youtube.com\/watch?v=MAC09jbZpo0<\/a><\/li>\n\n\n\n<li><strong>30.03.2026<\/strong> &#8211; Zwei neue Studien zum Infraschall ver\u00f6ffentlicht: <a href=\"https:\/\/tkp.at\/2026\/03\/30\/infraschall-durch-windraeder-modelliert-und-in-messungen-bestaetigt\/\">https:\/\/tkp.at\/2026\/03\/30\/infraschall-durch-windraeder-modelliert-und-in-messungen-bestaetigt\/<\/a> und <a href=\"https:\/\/tkp.at\/2026\/03\/27\/neue-studie-infraschall-verursacht-erhebliche-biologische-auswirkungen\/\">https:\/\/tkp.at\/2026\/03\/27\/neue-studie-infraschall-verursacht-erhebliche-biologische-auswirkungen\/<\/a><\/li>\n\n\n\n<li><strong>26.03.2026<\/strong> &#8211; <a href=\"https:\/\/tkp.at\/2026\/03\/26\/zunahme-des-insolvenzrisikos-bei-windparks-behoerden-muessen-handeln\/\">https:\/\/tkp.at\/2026\/03\/26\/zunahme-des-insolvenzrisikos-bei-windparks-behoerden-muessen-handeln\/<\/a><\/li>\n\n\n\n<li><strong>21.03.2026<\/strong> &#8211; <strong>ABSOLUTE EMPFEHLUNG!!!<\/strong> \u00c4nderungen u. a. im EEG f\u00fchren zu massiven finanziellen Verlusten beim Betrieb von Windkraftanlagen &#8211; mehr dazu hier: <a href=\"https:\/\/www.youtube.com\/watch?v=n_5qEqlsN8k\">https:\/\/www.youtube.com\/watch?v=n_5qEqlsN8k<\/a><\/li>\n\n\n\n<li><strong>21.03.2026 <\/strong>&#8211; neues Video von Prof. Dr. Andreas Schulte (Uni M\u00fcnster) aus der Reihe &#8222;Gegenwind&#8220; &#8211; <a href=\"https:\/\/www.youtube.com\/watch?v=frImsXBdu7Q\">https:\/\/www.youtube.com\/watch?v=frImsXBdu7Q<\/a><\/li>\n\n\n\n<li><strong>13.03.2026<\/strong> &#8211; <a href=\"https:\/\/www.youtube.com\/watch?v=F15uFpFURfo\">https:\/\/www.youtube.com\/watch?v=F15uFpFURfo<\/a> (Video zur ersten &#8222;Hellbrise&#8220; des Jahres 2026 und die Gefahren eines zu viel Wind und Solar im Stromnetz)<\/li>\n\n\n\n<li><strong>13.03.2026<\/strong> &#8211; <a href=\"https:\/\/tkp.at\/2026\/03\/13\/studie-zeigt-enorme-umweltschaeden-durch-onshore-windkraftanlagen\/\">https:\/\/tkp.at\/2026\/03\/13\/studie-zeigt-enorme-umweltschaeden-durch-onshore-windkraftanlagen\/<\/a><\/li>\n\n\n\n<li><strong>12.03.2026<\/strong> &#8211; <a href=\"https:\/\/tkp.at\/2026\/03\/12\/physikalische-grundlagen-der-ipcc-bewertung-des-klimawandels-sind-falsch-studie\/\">https:\/\/tkp.at\/2026\/03\/12\/physikalische-grundlagen-der-ipcc-bewertung-des-klimawandels-sind-falsch-studie\/<\/a><\/li>\n\n\n\n<li><strong>28.02.2026 <\/strong>&#8211; <a href=\"https:\/\/apolut.net\/am-set-windkraft-loesung-oder-zu-viel-des-guten\/\">https:\/\/apolut.net\/am-set-windkraft-loesung-oder-zu-viel-des-guten\/<\/a><\/li>\n\n\n\n<li><strong>26.02.2026<\/strong> &#8211; Start der Flyer-Verteilung im Gemeindegebiet<\/li>\n\n\n\n<li><strong>02.02.2026<\/strong> &#8211; und noch ein weiterer Artikel auf dem Blog von Dr. Peter F. Mayer, www.tkp.at: <strong><em>&#8222;Historisches Urteil: Infraschall von Windr\u00e4dern als Gesundheitsrisiko anerkannt&#8220;<\/em><\/strong> <a href=\"https:\/\/tkp.at\/2026\/02\/02\/historisches-urteil-infraschall-von-windraedern-als-gesundheitsrisiko-anerkannt\/\">https:\/\/tkp.at\/2026\/02\/02\/historisches-urteil-infraschall-von-windraedern-als-gesundheitsrisiko-anerkannt\/<\/a> . Es ist nicht das erste Gerichtsurteil dieser Art. Bereits im Juli 2021 wurde einem Ehepaar aus S\u00fcdfrankreich ein Schadensersatz zugesprochen. <em>&#8222;Es (das Gericht; Anm. d. Autors) hat damit den Kl\u00e4gern, [&#8230;], Recht gegeben und festgestellt, dass der Betrieb der Anlagen in einer Entfernung von 700&nbsp;m bis 1.300&nbsp;m zu Ver\u00e4nderungen des Gesundheitszustandes gef\u00fchrt hat.&#8220;<\/em> (<a href=\"https:\/\/www.vernunftkraft.de\/weckruf-aus-toulouse\/\">https:\/\/www.vernunftkraft.de\/weckruf-aus-toulouse\/<\/a>)<\/li>\n<\/ul>\n\n\n\n<ul class=\"wp-block-list\">\n<li><strong>01.02.2026<\/strong> &#8211; <em><strong>&#8222;Der Klimabetrug: Vom Petrodollar zum Kohlenstoffdollar&#8220;<\/strong><\/em> von Robert Cibis &#8211; Artikel auf www.tkp.at zu Geschichte und Entwicklung der CO2-Hysterie und die m\u00f6glichen wahren Hintergr\u00fcnde &#8211; <a href=\"https:\/\/tkp.at\/2026\/02\/01\/der-klimabetrug-vom-petrodollar-zum-kohlenstoffdollar\/\">https:\/\/tkp.at\/2026\/02\/01\/der-klimabetrug-vom-petrodollar-zum-kohlenstoffdollar\/<\/a> &#8211; man muss sich dieser Meinung nicht anschlie\u00dfen, aber in einer echten Demokratie sollte man die Dinge von allen Seiten betrachten (d\u00fcrfen) &#8230;<\/li>\n<\/ul>\n\n\n\n<ul class=\"wp-block-list\">\n<li><strong>27.01.2026<\/strong> &#8211; Wie dem Schwabacher Tagblatt vom 27.01.2026 zu entnehmen ist, soll \u00fcber eine im Landkreis Roth zu gr\u00fcndende &#8222;interkommunale Projektierungsgesellschaft&#8220; ein <strong>Windpark<\/strong> auf der Vorrangfl\u00e4che WK 205 (siehe Men\u00fcpunkt &#8222;Das Vorhaben&#8220;) entwickelt werden. Der Rohrer Gemeinderat hat seine Beteiligung an der Energie-Gesellschaft mit <strong>10.000,- \u20ac<\/strong> einstimmig beschlossen. Laut Angaben des ersten B\u00fcrgermeisters, Felix Fr\u00f6hlich, sollen sich allein die Kosten f\u00fcr die Phase 1 (offenbar die reine Planungsphase zur m\u00f6glichen Realisierbarkeit des Vorhabens) zwischen <strong>800.000,- \u20ac<\/strong> und <strong>1,2 Mio. \u20ac <\/strong>belaufen. \ud83d\ude32\ud83e\udd14<\/li>\n<\/ul>\n\n\n\n<ul class=\"wp-block-list\">\n<li><strong>24.01.2026<\/strong> &#8211; Windkraft-Symposium <strong><em>\u201eWahrheit zur Windkraft \u2013 Reale Sch\u00e4den \u2013 Wege zur Vernunft\u201c<\/em><\/strong> der AFD-Fraktion im Bundestag vom 23.\/24.01.2026. Den live-Mitschnitt des Symposiums k\u00f6nnen Sie hier <a href=\"https:\/\/www.youtube.com\/watch?v=gFIJeyU4dy0\" data-type=\"link\" data-id=\"https:\/\/www.youtube.com\/watch?v=gFIJeyU4dy0\">https:\/\/www.youtube.com\/watch?v=gFIJeyU4dy0<\/a> und hier <a href=\"https:\/\/www.youtube.com\/watch?v=_6GGvEh8kCQ\" data-type=\"link\" data-id=\"https:\/\/www.youtube.com\/watch?v=_6GGvEh8kCQ\">https:\/\/www.youtube.com\/watch?v=_6GGvEh8kCQ<\/a> ansehen. Sie k\u00f6nnen aber auch im Text unter dem Video zu den einzelnen Beitr\u00e4gen &#8222;springen&#8220;.<\/li>\n<\/ul>\n\n\n\n<ul class=\"wp-block-list\">\n<li><strong>19.01.2026<\/strong> &#8211; <strong>&#8222;Chemiker und Ex-Shell-Vorstand widerspricht mit Insider Wissen der Energiewende&#8220;<\/strong> Interview mit Prof. Dr. Fritz Vahrenholt (deutscher Politiker (SPD), Manager, Wissenschaftler und Buchautor). <a href=\"https:\/\/www.youtube.com\/watch?v=SAyJgPKQjCY\">https:\/\/www.youtube.com\/watch?v=SAyJgPKQjCY<\/a> ; (Zusatzinfo unter <a href=\"https:\/\/vahrenholt.net\/\">https:\/\/vahrenholt.net\/<\/a> )<\/li>\n<\/ul>\n","protected":false},"excerpt":{"rendered":"","protected":false},"author":1,"featured_media":0,"parent":0,"menu_order":0,"comment_status":"closed","ping_status":"closed","template":"","meta":{"neve_meta_sidebar":"","neve_meta_container":"","neve_meta_enable_content_width":"","neve_meta_content_width":0,"neve_meta_title_alignment":"","neve_meta_author_avatar":"","neve_post_elements_order":"","neve_meta_disable_header":"","neve_meta_disable_footer":"","neve_meta_disable_title":"","neve_meta_reading_time":"","footnotes":""},"class_list":["post-31","page","type-page","status-publish","hentry"],"_links":{"self":[{"href":"https:\/\/wollen-wir-windkraft.de\/index.php?rest_route=\/wp\/v2\/pages\/31","targetHints":{"allow":["GET"]}}],"collection":[{"href":"https:\/\/wollen-wir-windkraft.de\/index.php?rest_route=\/wp\/v2\/pages"}],"about":[{"href":"https:\/\/wollen-wir-windkraft.de\/index.php?rest_route=\/wp\/v2\/types\/page"}],"author":[{"embeddable":true,"href":"https:\/\/wollen-wir-windkraft.de\/index.php?rest_route=\/wp\/v2\/users\/1"}],"replies":[{"embeddable":true,"href":"https:\/\/wollen-wir-windkraft.de\/index.php?rest_route=%2Fwp%2Fv2%2Fcomments&post=31"}],"version-history":[{"count":39,"href":"https:\/\/wollen-wir-windkraft.de\/index.php?rest_route=\/wp\/v2\/pages\/31\/revisions"}],"predecessor-version":[{"id":578,"href":"https:\/\/wollen-wir-windkraft.de\/index.php?rest_route=\/wp\/v2\/pages\/31\/revisions\/578"}],"wp:attachment":[{"href":"https:\/\/wollen-wir-windkraft.de\/index.php?rest_route=%2Fwp%2Fv2%2Fmedia&parent=31"}],"curies":[{"name":"wp","href":"https:\/\/api.w.org\/{rel}","templated":true}]}}