{"id":3,"date":"2025-11-04T13:36:54","date_gmt":"2025-11-04T12:36:54","guid":{"rendered":"https:\/\/wollen-wir-windkraft.de\/?page_id=3"},"modified":"2025-12-01T18:34:25","modified_gmt":"2025-12-01T17:34:25","slug":"datenschutzerklaerung","status":"publish","type":"page","link":"https:\/\/wollen-wir-windkraft.de\/?page_id=3","title":{"rendered":"Datenschutzerkl\u00e4rung"},"content":{"rendered":"\n<p>Wir nehmen den Schutz Ihrer pers\u00f6nlichen Daten sehr ernst und halten uns strikt an die Regeln der Datenschutzgesetze. Personenbezogene Daten werden auf dieser Webseite nur im technisch notwendigen Umfang erhoben.&nbsp;<\/p>\n\n\n\n<p>Die nachfolgende Erkl\u00e4rung gibt Ihnen einen \u00dcberblick dar\u00fcber welche Art von Daten zu welchem Zweck erhoben werden.&nbsp;<\/p>\n\n\n\n<p><strong>Datenverarbeitung auf dieser Internetseite&nbsp;<\/strong><\/p>\n\n\n\n<p>Wenn Sie unsere Webseiten aufrufen, \u00fcbermitteln Sie aus technischer Notwendigkeit \u00fcber Ihren Internetbrowser, w\u00e4hrend der laufenden Verbindung, Daten an unseren Webserver. Folgende Daten werden dabei aufgezeichnet:<\/p>\n\n\n\n<ul class=\"wp-block-list\">\n<li>Browsertyp und Version<\/li>\n\n\n\n<li>Verwendetes Betriebssystem<\/li>\n\n\n\n<li>Referrer URL (die zuvor besuchte Seite)<\/li>\n\n\n\n<li>Hostname des zugreifenden Rechners (IP Adresse)<\/li>\n\n\n\n<li>Uhrzeit der Anfrage<\/li>\n\n\n\n<li>Zugriffsstatus<\/li>\n\n\n\n<li>Menge der \u00fcbertragenen Daten<\/li>\n\n\n\n<li>Bezeichnung der angeforderten Dateien<\/li>\n<\/ul>\n\n\n\n<p>Die \u00fcbermittelte IP-Adresse wird zu statistischen Zwecken gespeichert, daf\u00fcr jedoch durch Verk\u00fcrzung anonymisiert.&nbsp;<\/p>\n\n\n\n<p><strong>Ihre Rechte<\/strong><\/p>\n\n\n\n<ul class=\"wp-block-list\">\n<li>Auskunft \u00fcber die verarbeiteten Daten<\/li>\n\n\n\n<li>Berichtigung, L\u00f6schung oder Einschr\u00e4nkung der Verarbeitung<\/li>\n\n\n\n<li>Widerspruch gegen die Verarbeitung\u00a0<\/li>\n\n\n\n<li>Daten\u00fcbertragbarkeit<\/li>\n\n\n\n<li>Wenn die Verarbeitung aufgrund Ihrer Willenserkl\u00e4rung geschieht k\u00f6nnen Sie diese widerrufen<\/li>\n<\/ul>\n\n\n\n<p>Eine Weitergabe der Daten an Stellen die nicht der Datenschutzgrundverordnung (au\u00dferhalb der EU) unterliegen findet nicht statt.<\/p>\n\n\n\n<p>Sie haben au\u00dferdem das Recht sich bei der zust\u00e4ndigen Aufsichtsbeh\u00f6rde zu beschweren. Diese ist:<\/p>\n\n\n\n<p>Bayerisches Landesamt f\u00fcr Datenschutzaufsicht<br>Promenade 27<br>91522 Ansbach<\/p>\n","protected":false},"excerpt":{"rendered":"<p>Wir nehmen den Schutz Ihrer pers\u00f6nlichen Daten sehr ernst und halten uns strikt an die Regeln der Datenschutzgesetze. Personenbezogene Daten werden auf dieser Webseite nur im technisch notwendigen Umfang erhoben.&nbsp; Die nachfolgende Erkl\u00e4rung gibt Ihnen einen \u00dcberblick dar\u00fcber welche Art von Daten zu welchem Zweck erhoben werden.&nbsp; Datenverarbeitung auf dieser Internetseite&nbsp; Wenn Sie unsere Webseiten&hellip;&nbsp;<a href=\"https:\/\/wollen-wir-windkraft.de\/?page_id=3\" rel=\"bookmark\"><span class=\"screen-reader-text\">Datenschutzerkl\u00e4rung<\/span><\/a><\/p>\n","protected":false},"author":1,"featured_media":0,"parent":0,"menu_order":0,"comment_status":"closed","ping_status":"open","template":"","meta":{"neve_meta_sidebar":"","neve_meta_container":"","neve_meta_enable_content_width":"","neve_meta_content_width":0,"neve_meta_title_alignment":"","neve_meta_author_avatar":"","neve_post_elements_order":"","neve_meta_disable_header":"","neve_meta_disable_footer":"","neve_meta_disable_title":"","neve_meta_reading_time":"","footnotes":""},"class_list":["post-3","page","type-page","status-publish","hentry"],"_links":{"self":[{"href":"https:\/\/wollen-wir-windkraft.de\/index.php?rest_route=\/wp\/v2\/pages\/3","targetHints":{"allow":["GET"]}}],"collection":[{"href":"https:\/\/wollen-wir-windkraft.de\/index.php?rest_route=\/wp\/v2\/pages"}],"about":[{"href":"https:\/\/wollen-wir-windkraft.de\/index.php?rest_route=\/wp\/v2\/types\/page"}],"author":[{"embeddable":true,"href":"https:\/\/wollen-wir-windkraft.de\/index.php?rest_route=\/wp\/v2\/users\/1"}],"replies":[{"embeddable":true,"href":"https:\/\/wollen-wir-windkraft.de\/index.php?rest_route=%2Fwp%2Fv2%2Fcomments&post=3"}],"version-history":[{"count":1,"href":"https:\/\/wollen-wir-windkraft.de\/index.php?rest_route=\/wp\/v2\/pages\/3\/revisions"}],"predecessor-version":[{"id":211,"href":"https:\/\/wollen-wir-windkraft.de\/index.php?rest_route=\/wp\/v2\/pages\/3\/revisions\/211"}],"wp:attachment":[{"href":"https:\/\/wollen-wir-windkraft.de\/index.php?rest_route=%2Fwp%2Fv2%2Fmedia&parent=3"}],"curies":[{"name":"wp","href":"https:\/\/api.w.org\/{rel}","templated":true}]}}