{"id":27,"date":"2025-11-04T14:12:22","date_gmt":"2025-11-04T13:12:22","guid":{"rendered":"https:\/\/wollen-wir-windkraft.de\/?page_id=27"},"modified":"2025-12-01T18:32:00","modified_gmt":"2025-12-01T17:32:00","slug":"impressum","status":"publish","type":"page","link":"https:\/\/wollen-wir-windkraft.de\/?page_id=27","title":{"rendered":"Impressum"},"content":{"rendered":"\n<p>Angaben gem\u00e4\u00df \u00a7 5&nbsp;TMG<\/p>\n\n\n\n<p>Sascha Szowtucha<br>Stadtweg 5<br>91189 Rohr<br><a href=\"mailto:sascha@wollen-wir-windkraft.de\">sascha@wollen-wir-windkraft.de<\/a><\/p>\n\n\n\n<p><strong>Kontakt:<\/strong><\/p>\n\n\n\n<p>Sascha Szowtucha<br>Stadtweg 5<br>91189 Rohr<br>E\u2011Mail: <a href=\"mailto:sascha@wollen-wir-windkraft.de\">sascha@wollen-wir-windkraft.de<\/a><\/p>\n\n\n\n<p><strong>Verantwortlich f\u00fcr den Inhalt nach \u00a7 18 Abs. 2 MStV:<\/strong><br>Sascha Szowtucha<\/p>\n\n\n\n<p><strong>Haftungsausschluss<\/strong><br><strong>Haftung f\u00fcr&nbsp;Links:<\/strong><\/p>\n\n\n\n<p>Unser Angebot enth\u00e4lt Links zu externen Webseiten Dritter, auf deren Inhalte wir keinen Einfluss haben. F\u00fcr diese fremden Inhalte \u00fcbernehmen wir keine Gew\u00e4hr. F\u00fcr die Inhalte der verlinkten Seiten ist der jeweilige Anbieter oder Betreiber der Seiten verantwortlich. Rechtswidrige Inhalte waren zum Zeitpunkt der Verlinkung nicht erkennbar. Eine permanente inhaltliche Kontrolle der verlinkten Seiten ist jedoch ohne konkrete Anhaltspunkte einer Rechtsverletzung nicht zumutbar. Bei Bekanntwerden von Rechtsverletzungen werden wir derartige Links umgehend entfernen.<\/p>\n\n\n\n<p><strong>Haftung f\u00fcr Inhalt:<\/strong><\/p>\n\n\n\n<p>Die Inhalte unserer Seiten wurden mit gr\u00f6\u00dfter Sorgfalt erstellt. F\u00fcr die Richtigkeit, Vollst\u00e4ndigkeit und Aktualit\u00e4t der Inhalte k\u00f6nnen wir jedoch keine Gew\u00e4hr \u00fcbernehmen. Als Diensteanbieter sind wir gem\u00e4\u00df \u00a7 7 Abs.1 TMG f\u00fcr eigene Inhalte auf diesen Seiten nach den allgemeinen Gesetzen verantwortlich. Nach \u00a7 8 bis 10 TMG sind wir als Diensteanbieter jedoch nicht verpflichtet, \u00fcbermittelte oder gespeicherte fremde Informationen zu \u00fcberwachen oder nach Umst\u00e4nden zu forschen, die auf eine rechtswidrige T\u00e4tigkeit hinweisen. Verpflichtungen zur Entfernung oder Sperrung der Nutzung von Informationen nach den allgemeinen Gesetzen bleiben hiervon unber\u00fchrt. Eine diesbez\u00fcgliche Haftung ist jedoch erst ab dem Zeitpunkt der Kenntnis einer konkreten Rechtsverletzung m\u00f6glich. Bei Bekanntwerden von entsprechenden Rechtsverletzungen werden wir diese Inhalte umgehend entfernen.<\/p>\n\n\n\n<p><strong>Bildnachweis<\/strong><\/p>\n\n\n\n<p>\u00a9 BettinaF \/ <a href=\"https:\/\/www.pixelio.de\" target=\"_blank\" rel=\"noreferrer noopener\">www.pixelio.de <\/a><br>\u00a9 uschi dreiucker \/ <a href=\"https:\/\/www.pixelio.de\" target=\"_blank\" rel=\"noreferrer noopener\">www.pixelio.de <\/a><\/p>\n\n\n\n<p><strong>Urheberrecht<\/strong><\/p>\n\n\n\n<p>Die durch die Seitenbetreiber erstellten Inhalte und Werke auf diesen Seiten unterliegen dem deutschen Urheberrecht. Die Vervielf\u00e4ltigung, Bearbeitung, Verbreitung und jede Art der Verwertung au\u00dferhalb der Grenzen des Urheberrechtes bed\u00fcrfen der schriftlichen Zustimmung des jeweiligen Autors bzw. Erstellers. Downloads und Kopien dieser Seite sind nur f\u00fcr den privaten, nicht kommerziellen Gebrauch gestattet. .<\/p>\n\n\n\n<p><\/p>\n","protected":false},"excerpt":{"rendered":"<p>Angaben gem\u00e4\u00df \u00a7 5&nbsp;TMG Sascha SzowtuchaStadtweg 591189 Rohrsascha@wollen-wir-windkraft.de Kontakt: Sascha SzowtuchaStadtweg 591189 RohrE\u2011Mail: sascha@wollen-wir-windkraft.de Verantwortlich f\u00fcr den Inhalt nach \u00a7 18 Abs. 2 MStV:Sascha Szowtucha HaftungsausschlussHaftung f\u00fcr&nbsp;Links: Unser Angebot enth\u00e4lt Links zu externen Webseiten Dritter, auf deren Inhalte wir keinen Einfluss haben. F\u00fcr diese fremden Inhalte \u00fcbernehmen wir keine Gew\u00e4hr. F\u00fcr die Inhalte der verlinkten&hellip;&nbsp;<a href=\"https:\/\/wollen-wir-windkraft.de\/?page_id=27\" rel=\"bookmark\"><span class=\"screen-reader-text\">Impressum<\/span><\/a><\/p>\n","protected":false},"author":1,"featured_media":0,"parent":0,"menu_order":0,"comment_status":"closed","ping_status":"closed","template":"","meta":{"neve_meta_sidebar":"","neve_meta_container":"","neve_meta_enable_content_width":"","neve_meta_content_width":0,"neve_meta_title_alignment":"","neve_meta_author_avatar":"","neve_post_elements_order":"","neve_meta_disable_header":"","neve_meta_disable_footer":"","neve_meta_disable_title":"","neve_meta_reading_time":"","footnotes":""},"class_list":["post-27","page","type-page","status-publish","hentry"],"_links":{"self":[{"href":"https:\/\/wollen-wir-windkraft.de\/index.php?rest_route=\/wp\/v2\/pages\/27","targetHints":{"allow":["GET"]}}],"collection":[{"href":"https:\/\/wollen-wir-windkraft.de\/index.php?rest_route=\/wp\/v2\/pages"}],"about":[{"href":"https:\/\/wollen-wir-windkraft.de\/index.php?rest_route=\/wp\/v2\/types\/page"}],"author":[{"embeddable":true,"href":"https:\/\/wollen-wir-windkraft.de\/index.php?rest_route=\/wp\/v2\/users\/1"}],"replies":[{"embeddable":true,"href":"https:\/\/wollen-wir-windkraft.de\/index.php?rest_route=%2Fwp%2Fv2%2Fcomments&post=27"}],"version-history":[{"count":2,"href":"https:\/\/wollen-wir-windkraft.de\/index.php?rest_route=\/wp\/v2\/pages\/27\/revisions"}],"predecessor-version":[{"id":209,"href":"https:\/\/wollen-wir-windkraft.de\/index.php?rest_route=\/wp\/v2\/pages\/27\/revisions\/209"}],"wp:attachment":[{"href":"https:\/\/wollen-wir-windkraft.de\/index.php?rest_route=%2Fwp%2Fv2%2Fmedia&parent=27"}],"curies":[{"name":"wp","href":"https:\/\/api.w.org\/{rel}","templated":true}]}}