{"id":25,"date":"2025-11-04T14:12:06","date_gmt":"2025-11-04T13:12:06","guid":{"rendered":"https:\/\/wollen-wir-windkraft.de\/?page_id=25"},"modified":"2026-02-25T15:27:08","modified_gmt":"2026-02-25T14:27:08","slug":"startseite","status":"publish","type":"page","link":"https:\/\/wollen-wir-windkraft.de\/","title":{"rendered":"Windkraft in Rohr in Mfr."},"content":{"rendered":"\n<p>Liebe Mitb\u00fcrgerinnen und Mitb\u00fcrger!<\/p>\n\n\n\n<p style=\"border-style:none;border-width:0px;border-radius:0px;padding-top:0;padding-right:0;padding-bottom:0;padding-left:0\"><strong>Der Gemeinderat Rohr\/Mfr. hat beschlossen, den Ausbau von Windkraftanlagen im Gemeindegebiet voranzutreiben. <\/strong><br><strong><a href=\"https:\/\/wollen-wir-windkraft.de\/?page_id=8\" data-type=\"page\" data-id=\"8\">Informationen zu diesem Vorhaben finden Sie hier<\/a><\/strong><\/p>\n\n\n\n<figure class=\"wp-block-image size-large\"><img loading=\"lazy\" decoding=\"async\" width=\"1024\" height=\"640\" src=\"https:\/\/wollen-wir-windkraft.de\/wp-content\/uploads\/2025\/12\/841939_energiewende_berlin-pics_pixelio-1024x640.jpg\" alt=\"\" class=\"wp-image-155\" srcset=\"https:\/\/wollen-wir-windkraft.de\/wp-content\/uploads\/2025\/12\/841939_energiewende_berlin-pics_pixelio-1024x640.jpg 1024w, https:\/\/wollen-wir-windkraft.de\/wp-content\/uploads\/2025\/12\/841939_energiewende_berlin-pics_pixelio-300x188.jpg 300w, https:\/\/wollen-wir-windkraft.de\/wp-content\/uploads\/2025\/12\/841939_energiewende_berlin-pics_pixelio-768x480.jpg 768w, https:\/\/wollen-wir-windkraft.de\/wp-content\/uploads\/2025\/12\/841939_energiewende_berlin-pics_pixelio-1536x960.jpg 1536w, https:\/\/wollen-wir-windkraft.de\/wp-content\/uploads\/2025\/12\/841939_energiewende_berlin-pics_pixelio-2048x1280.jpg 2048w\" sizes=\"auto, (max-width: 1024px) 100vw, 1024px\" \/><\/figure>\n\n\n\n<p><\/p>\n\n\n\n<p>Um es gleich zu Beginn klarzustellen: Bei den hier zusammengetragenen Beitr\u00e4gen handelt es sich um das Ergebnis meiner pers\u00f6nlichen Recherchen. Ich habe hierdurch keinerlei finanzielle oder sonstige Vorteile und bin auch nicht Mitglied irgendeiner Partei. Mir geht es darum, Ihnen &#8211; liebe Mitmenschen &#8211; zumindest einen Teil der anderen Seite der Medaille, der &#8222;anderen Wahrheit&#8220;, vorzustellen.  Meine Sicht auf die Dinge soll nicht implementieren, es handle sich um die einzige Wahrheit. Vielmehr m\u00f6chte ich eine l\u00e4ngst \u00fcberf\u00e4llige Diskussion \u00fcber Sinn und Unsinn von Ma\u00dfnahmen zur Energiegewinnung, deren negative Auswirkungen unserem Planeten mehr schaden als nutzen, ansto\u00dfen.<\/p>\n\n\n\n<p>Was Sie am Ende des Tages mit den hier angebotenen Informationen anfangen, bleibt Ihnen \u00fcberlassen. Es werden zahlreiche Quellen genannt, die zur weiteren, eigenen Recherche einladen, was ich Ihnen nur dringend ans Herz legen kann. <\/p>\n\n\n\n<p class=\"has-text-align-center has-neve-link-hover-color-color has-text-color has-link-color wp-elements-d5dee311b5efd5eea47513b097192f0e\"><strong>Das Thema ist zu wichtig und die Auswirkungen betreffen uns letztlich alle.<\/strong><\/p>\n\n\n\n<p class=\"has-text-align-center\">Es gilt der Grundsatz: <strong>Glauben Sie nicht mir, sondern pr\u00fcfen Sie selbst!&nbsp;<\/strong><\/p>\n\n\n\n<p><\/p>\n\n\n\n<h2 class=\"wp-block-heading\">Hier finden Sie weitere Informationen zu:<\/h2>\n\n\n\n<div class=\"wp-block-buttons is-layout-flex wp-block-buttons-is-layout-flex\">\n<div class=\"wp-block-button is-style-primary\"><a class=\"wp-block-button__link wp-element-button\" href=\"https:\/\/wollen-wir-windkraft.de\/?page_id=19\">Windkraft &#8211; Die Anlagen<\/a><\/div>\n\n\n\n<div class=\"wp-block-button is-style-primary\"><a class=\"wp-block-button__link wp-element-button\" href=\"https:\/\/wollen-wir-windkraft.de\/?page_id=13\">Windkraft &#8211; Wirtschaftlichkeit<\/a><\/div>\n\n\n\n<div class=\"wp-block-button is-style-primary\"><a class=\"wp-block-button__link wp-element-button\" href=\"https:\/\/wollen-wir-windkraft.de\/?page_id=17\">Windkraft &#8211; Gesundheit<\/a><\/div>\n\n\n\n<div class=\"wp-block-button is-style-primary\"><a class=\"wp-block-button__link has-small-font-size has-custom-font-size wp-element-button\" href=\"https:\/\/wollen-wir-windkraft.de\/?page_id=15\">Windkraft &#8211; Natur- und Umweltschutz<\/a><\/div>\n<\/div>\n\n\n\n<p>Manches wiederholt sich in den Men\u00fc-Unterpunkten, da es sowohl dem einen wie dem anderen Themenbereich zuzuordnen ist.<\/p>\n\n\n\n<p><strong>Besonders herausstellen m\u00f6chte ich folgende Internetseiten, welche die Thematik auf der Sachebene gut beleuchten:<\/strong><\/p>\n\n\n\n<ul class=\"wp-block-list\">\n<li><a href=\"https:\/\/tkp.at\/\">https:\/\/tkp.at\/<\/a> (Nachrichten-Blog des weiter unten genannten Dr. Peter F. Mayer)<\/li>\n\n\n\n<li><a href=\"https:\/\/cumtempore.info\/verschiedenes\/\" data-type=\"link\" data-id=\"https:\/\/cumtempore.info\/verschiedenes\/\">https:\/\/cumtempore.info\/verschiedenes\/<\/a> (Website von Prof. Dr. Andreas Schulte, Forstwissenschaftler an der Uni M\u00fcnster)<\/li>\n\n\n\n<li><a href=\"https:\/\/eike-klima-energie.eu\/\" data-type=\"link\" data-id=\"https:\/\/eike-klima-energie.eu\/\">https:\/\/eike-klima-energie.eu\/<\/a> (Europ\u00e4isches Institut f\u00fcr Klima und Energie e.V.)<\/li>\n\n\n\n<li><a href=\"https:\/\/www.horstjoachimluedecke.de\/\" data-type=\"link\" data-id=\"https:\/\/www.horstjoachimluedecke.de\/\">https:\/\/www.horstjoachimluedecke.de\/<\/a> (Website von Prof. Dr. Horst-Joachim L\u00fcdecke, Physiker f\u00fcr Str\u00f6mungsmechanik\u00a0und pensionierter Professor f\u00fcr Physik, Informatik und Operations Research der Hochschule f\u00fcr Technik und Wirtschaft des Saarlandes (HTW).<\/li>\n\n\n\n<li><a href=\"https:\/\/www.outdoor-chiemgau.info\/\">https:\/\/www.outdoor-chiemgau.info\/<\/a> und <a href=\"https:\/\/www.youtube.com\/@OutdoorChiemgau\/featured\">https:\/\/www.youtube.com\/@OutdoorChiemgau\/featured<\/a> (Website und YT-Kanal von Stefan Spiegelsberger, Energieanlagenelektroniker)<\/li>\n\n\n\n<li><a href=\"https:\/\/clintel.org\/\">https:\/\/clintel.org\/<\/a> (Climate Intelligence (Clintel) ist eine unabh\u00e4ngige Stiftung, die Menschen \u00fcber den Klimawandel und Klimapolitik informiert. Ihre Gr\u00fcnder haben die &#8222;World Climate Declaration&#8220; &#8211; also die &#8222;Weltklimaerkl\u00e4rung&#8220; ins Leben gerufen, welche bereits von 2055 Fach-Experten unterzeichnet wurde &#8211; darunter 122 aus Deutschland. Soviel zur Behauptung: &#8222;Die Wissenschaft ist sich einig&#8230;&#8220;!\ud83d\ude09<\/li>\n<\/ul>\n\n\n\n<p>Wer sich dar\u00fcber hinaus in die Thematik vertiefen m\u00f6chte, dem empfehle ich das Buch von Dr. Peter F. Mayer und Traude Schubert:&nbsp;<strong><em>\u201eWindkraft \u2013 Schadet Umwelt, Menschen, Tieren und Pflanzen, mehr als jede andere Energiequelle\u201c<\/em><\/strong>&nbsp;im Verlag Books on Demand GmbH (ISBN: 978-3-8192-2885-8).<\/p>\n\n\n\n<p>Auch empfehlenswert ist die Abhandlung auf physikalischer Ebene im Buch&nbsp;<strong><em>\u201eWindwahn \u2013 Der Windwahn und seine klimatischen Konsequenzen\u201c<\/em><\/strong>&nbsp;von Manfred Brugger, erschienen im Novum-Verlag 2024 (ISBN: 978-3-99130-394-7).<\/p>\n\n\n\n<p>Sehr wissenschaftlich (deshalb &#8211; f\u00fcr mich &#8211; stellenweise nicht leicht zu lesen) ist die Studie von Dr. Wolfgang Epple: <strong><em>&#8222;Windkraftindustrie und Naturschutz&#8220;<\/em><\/strong>, herausgegeben von der Naturschutzinitiative e.V. (NI), ebenfalls erschienen bei BoD &#8211; Books on Demand, Nordersted (ISBN 9783753416991)<\/p>\n\n\n\n<p>Wer sich eingehender mit der Thematik des Klimawandels auseinandersetzen m\u00f6chte, dem kann ich als Einstieg den Dokumentarfilm <strong><em>\u201eKlima \u2013 der Film (Die kalte Wahrheit)\u201c<\/em><\/strong> (Im englischen Original: \u201eClimate \u2013 The Movie (The Cold Truth)\u201c empfehlen <a href=\"https:\/\/www.youtube.com\/watch?v=zmfRG8-RHEI\" target=\"_blank\" rel=\"noreferrer noopener\">https:\/\/www.youtube.com\/watch?v=zmfRG8-RHEI<\/a><\/p>\n","protected":false},"excerpt":{"rendered":"<p>Liebe Mitb\u00fcrgerinnen und Mitb\u00fcrger! Der Gemeinderat Rohr\/Mfr. hat beschlossen, den Ausbau von Windkraftanlagen im Gemeindegebiet voranzutreiben. Informationen zu diesem Vorhaben finden Sie hier Um es gleich zu Beginn klarzustellen: Bei den hier zusammengetragenen Beitr\u00e4gen handelt es sich um das Ergebnis meiner pers\u00f6nlichen Recherchen. Ich habe hierdurch keinerlei finanzielle oder sonstige Vorteile und bin auch nicht&hellip;&nbsp;<a href=\"https:\/\/wollen-wir-windkraft.de\/\" rel=\"bookmark\"><span class=\"screen-reader-text\">Windkraft in Rohr in Mfr.<\/span><\/a><\/p>\n","protected":false},"author":1,"featured_media":0,"parent":0,"menu_order":0,"comment_status":"closed","ping_status":"closed","template":"","meta":{"neve_meta_sidebar":"","neve_meta_container":"","neve_meta_enable_content_width":"","neve_meta_content_width":0,"neve_meta_title_alignment":"","neve_meta_author_avatar":"","neve_post_elements_order":"","neve_meta_disable_header":"","neve_meta_disable_footer":"","neve_meta_disable_title":"","neve_meta_reading_time":"","footnotes":""},"class_list":["post-25","page","type-page","status-publish","hentry"],"_links":{"self":[{"href":"https:\/\/wollen-wir-windkraft.de\/index.php?rest_route=\/wp\/v2\/pages\/25","targetHints":{"allow":["GET"]}}],"collection":[{"href":"https:\/\/wollen-wir-windkraft.de\/index.php?rest_route=\/wp\/v2\/pages"}],"about":[{"href":"https:\/\/wollen-wir-windkraft.de\/index.php?rest_route=\/wp\/v2\/types\/page"}],"author":[{"embeddable":true,"href":"https:\/\/wollen-wir-windkraft.de\/index.php?rest_route=\/wp\/v2\/users\/1"}],"replies":[{"embeddable":true,"href":"https:\/\/wollen-wir-windkraft.de\/index.php?rest_route=%2Fwp%2Fv2%2Fcomments&post=25"}],"version-history":[{"count":40,"href":"https:\/\/wollen-wir-windkraft.de\/index.php?rest_route=\/wp\/v2\/pages\/25\/revisions"}],"predecessor-version":[{"id":434,"href":"https:\/\/wollen-wir-windkraft.de\/index.php?rest_route=\/wp\/v2\/pages\/25\/revisions\/434"}],"wp:attachment":[{"href":"https:\/\/wollen-wir-windkraft.de\/index.php?rest_route=%2Fwp%2Fv2%2Fmedia&parent=25"}],"curies":[{"name":"wp","href":"https:\/\/api.w.org\/{rel}","templated":true}]}}