{"id":21,"date":"2025-11-04T14:11:28","date_gmt":"2025-11-04T13:11:28","guid":{"rendered":"https:\/\/wollen-wir-windkraft.de\/?page_id=21"},"modified":"2026-05-02T15:05:32","modified_gmt":"2026-05-02T13:05:32","slug":"fazit-und-forderung","status":"publish","type":"page","link":"https:\/\/wollen-wir-windkraft.de\/?page_id=21","title":{"rendered":"Fazit und Forderung"},"content":{"rendered":"\n<h2 class=\"wp-block-heading\">Widerstand gegen den Ausbau<\/h2>\n\n\n\n<p>Der wahllose Ausbau der Windenergieanlagen erf\u00e4hrt bundesweit durch zahllose B\u00fcrgerinitiativen immer mehr Widerstand (z. B. <a href=\"https:\/\/www.vernunftkraft.de\/\" target=\"_blank\" rel=\"noreferrer noopener\">https:\/\/www.vernunftkraft.de\/<\/a> , <a href=\"https:\/\/www.energie-gewendet.de\/\" target=\"_blank\" rel=\"noreferrer noopener\">https:\/\/www.energie-gewendet.de\/<\/a> , <a href=\"https:\/\/gegenwind-wk402.de\/\" target=\"_blank\" rel=\"noreferrer noopener\">https:\/\/gegenwind-wk402.de\/<\/a>).<\/p>\n\n\n\n<p>Angefangen von den betr\u00e4chtlichen Eingriffen in die Kulturlandschaft und der damit einhergehenden <strong>Zerst\u00f6rung und Verschmutzung der Umwelt<\/strong>, \u00fcber <strong>massivste Beeintr\u00e4chtigungen der Gesundheit von Mensch und Tier bis<\/strong> hin zu einer mehr als<strong> fragw\u00fcrdigen Kosten-Nutzen-Relation<\/strong>, zeigt sich bei n\u00e4herer und kritischer Betrachtung, dass zwar <strong>nicht der Wind die Rechnung schickt, aber Mensch und Natur einen hohen Preis zahlen werden.<\/strong><\/p>\n\n\n\n<p>Meine Bitte, liebe Mitb\u00fcrgerinnen und Mitb\u00fcrger:<\/p>\n\n\n\n<p class=\"has-text-align-center has-neve-link-hover-color-color has-text-color has-link-color wp-elements-65eaffa69948ccb5b2d563e4c5ea3510\"><strong>Bitte besch\u00e4ftigen Sie sich mit dem Vorhaben der Gemeinde und w\u00e4gen Sie auch die Risiken f\u00fcr Umwelt und Gesundheit ab!<\/strong><\/p>\n\n\n\n<p class=\"has-text-align-center has-neve-link-hover-color-color has-text-color has-link-color wp-elements-19e4c2595e2de9a35785cdb0348a9b4c\"><strong>Engagieren wir uns f\u00fcr den Erhalt von Gesundheit, Natur und der sch\u00f6nen Landschaft unserer fr\u00e4nkischen Heimat!<\/strong><\/p>\n\n\n\n<p class=\"has-text-align-center has-neve-link-hover-color-color has-text-color has-link-color wp-elements-6191c4fe96c575a66ffdfc6bba79622e\"><strong>Noch ist es nicht zu sp\u00e4t! Noch stehen die &#8222;Monster&#8220; nicht!<\/strong><\/p>\n\n\n\n<p class=\"has-text-align-center has-neve-link-hover-color-color has-text-color has-link-color wp-elements-6bcbe5bcdd48ff0d6c62147ffb4083b5\"><strong>Und entgegen der stets wiederholten Propaganda ist es bislang gesetzlich nur verankert, Fl\u00e4chen f\u00fcr Windenergie auszuweisen. Von deren verpflichtendem Bau war und ist keine Rede!<\/strong><\/p>\n\n\n\n<p class=\"has-text-align-center has-neve-link-hover-color-color has-text-color\"><strong>Mein pers\u00f6nliches Ziel ist es, Sie mit Hilfe dieser Website zu informieren, damit sich Mitstreiter\/-innen f\u00fcr die Gr\u00fcndung einer B\u00fcrgerinitiative (BI) finden, um den B\u00fcrgerinnen und B\u00fcrgern der Gemeinde Rohr als staatlichem Souver\u00e4n die M\u00f6glichkeit verschaffen zu k\u00f6nnen, \u00fcber dieses Vorhaben <strong>im Rahmen eines B\u00fcrgerbegehrens\/-entscheids<\/strong> direkt abzustimmen. <\/strong><\/p>\n\n\n\n<p> <strong><a href=\"https:\/\/wollen-wir-windkraft.de\/?page_id=29\" data-type=\"page\" data-id=\"29\">Kontaktieren Sie mich gerne bei Fragen oder Ideen f\u00fcr das weitere Vorgehen!<\/a><\/strong><\/p>\n\n\n\n<figure class=\"wp-block-image size-large\"><img loading=\"lazy\" decoding=\"async\" width=\"1024\" height=\"640\" src=\"https:\/\/wollen-wir-windkraft.de\/wp-content\/uploads\/2025\/12\/841939_energiewende_berlin-pics_pixelio-1024x640.jpg\" alt=\"\" class=\"wp-image-155\" srcset=\"https:\/\/wollen-wir-windkraft.de\/wp-content\/uploads\/2025\/12\/841939_energiewende_berlin-pics_pixelio-1024x640.jpg 1024w, https:\/\/wollen-wir-windkraft.de\/wp-content\/uploads\/2025\/12\/841939_energiewende_berlin-pics_pixelio-300x188.jpg 300w, https:\/\/wollen-wir-windkraft.de\/wp-content\/uploads\/2025\/12\/841939_energiewende_berlin-pics_pixelio-768x480.jpg 768w, https:\/\/wollen-wir-windkraft.de\/wp-content\/uploads\/2025\/12\/841939_energiewende_berlin-pics_pixelio-1536x960.jpg 1536w, https:\/\/wollen-wir-windkraft.de\/wp-content\/uploads\/2025\/12\/841939_energiewende_berlin-pics_pixelio-2048x1280.jpg 2048w\" sizes=\"auto, (max-width: 1024px) 100vw, 1024px\" \/><\/figure>\n\n\n\n<p><\/p>\n\n\n\n<p>Die Verantwortlichen in der Politik f\u00fchren immer wieder gerne an, dass ihr Handeln vom Wohle k\u00fcnftiger Generationen angetrieben wird. Ihre meist eigenn\u00fctzigen monet\u00e4ren Interessen verschweigen sie gerne.<\/p>\n\n\n\n<p>Meine Recherchen haben mir aufgezeigt, dass der ideologiegetriebene Weg der Energiegewinnung, der aktuell verfolgt wird, in allen Bereichen kontraproduktiv ist und f\u00fcr die k\u00fcnftigen Generationen deutlich mehr Schaden als Nutzen verursacht.<\/p>\n\n\n\n<p>Nat\u00fcrlich wird sich der ein oder andere Besucher dieser Seite die Frage stellen, womit wir denn dann unsere Energie erzeugen sollen, wenn wir gleichzeitig den Planeten retten wollen. Ich erlaube mir an dieser Stelle nochmals an den bereits erw\u00e4hnten Film zum Klimawandel (siehe Men\u00fcpunkt &#8222;Windkraft \u2013 Umwelt- und Naturschutz&#8220;) und exemplarisch auf die Seite <a href=\"http:\/\/www.clintel.org\">www.clintel.org<\/a> zu verweisen. Entscheidend ist es, aus dieser v\u00f6llig \u00fcberzogenen Angst vor dem &#8222;kochenden&#8220; Planeten herauszukommen. <strong>Angst schr\u00e4nkt das analytische Denken ein.<\/strong><\/p>\n\n\n\n<p>Nun zur Frage nach den Energiequellen. Eine Frage, die es sich zu stellen gilt, ist: Was k\u00f6nnen wir in Deutschland womit am Ende erreichen? Es ist nun einmal Fakt, dass das Staatsgebiet der Bundesrepublik Deutschland \u00fcber wenig Bodensch\u00e4tze zur Energiegewinnung verf\u00fcgt bzw. diese mit z. T. erh\u00f6htem Aufwand gef\u00f6rdert werden k\u00f6nnten. Mit der Autarkie wird das in diesem Bereich eher schwierig. Wir sind auf L\u00e4nder mit einem \u00dcberangebot an Bodensch\u00e4tzen zur Energiegewinnung angewiesen. Vor diesem Hintergrund bleiben meines Erachtens nur wenige M\u00f6glichkeiten, um die Energiesicherheit in unserem Land in den n\u00e4chsten Jahrzehnten zu gew\u00e4hrleisten:<\/p>\n\n\n\n<ul class=\"wp-block-list\">\n<li>Fossile Brennstoffe, wie Braunkohle, Erd\u00f6l und Erdgas zu f\u00f6rdern bzw. zu importieren und entsprechende Kraftwerke auf- bzw. auszubauen. Dies wiederum h\u00e4tte nat\u00fcrlich den weiteren Aussto\u00df von CO2 zur Folge. Diese Ressourcen sind jedoch irgendwann aufgebraucht (wobei es auch hier widerstreitende Meinungen gibt). Au\u00dferdem m\u00fcssen zur Gewinnung dieser Ressourcen immer h\u00e4ufiger noch umweltsch\u00e4dlichere Methoden angewandt werden (Stichwort &#8222;Fracking-Gas&#8220;).<\/li>\n\n\n\n<li>Atomkraftwerke (AKW) bzw. Kernkraftwerke (KKW) bauen.<\/li>\n<\/ul>\n\n\n\n<p>Auch hier kommt man nicht umhin, zu recherchieren. Zum Beispiel hier:<\/p>\n\n\n\n<p><a href=\"https:\/\/www.eike-klima-energie.eu\/wp-content\/uploads\/2018\/04\/9-Fragen-zu-Kernkraftwerken_M%C3%A4rz_1918-2.pdf\">https:\/\/www.eike-klima-energie.eu\/wp-content\/uploads\/2018\/04\/9-Fragen-zu-Kernkraftwerken_M%C3%A4rz_1918-2.pdf<\/a><\/p>\n\n\n\n<p>oder hier: <\/p>\n\n\n\n<p><a href=\"https:\/\/eike-klima-energie.eu\/2026\/04\/27\/tschernobyl-und-die-irre-strahlenangst-in-deutschland\/\">https:\/\/eike-klima-energie.eu\/2026\/04\/27\/tschernobyl-und-die-irre-strahlenangst-in-deutschland\/<\/a><\/p>\n\n\n\n<p>Reaktoren der f\u00fcnften Generation sind mit dem technischen Stand der bisherigen AKWs nicht mehr vergleichbar. Bei meinen Recherchen besonders beeindruckt hat mich der sog. <strong>&#8222;Dual Fluid Reaktor&#8220;<\/strong>. N\u00e4here Informationen hierzu finden Sie auf <a href=\"http:\/\/www.dual-fluid.com\">http:\/\/www.dual-fluid.com<\/a> (leider nur noch in englischer Sprache). Neben der Tatsache, dass bei dieser Form der Energiegewinnung &#8211; abgesehen vom Erstellungsprozess &#8211; kein CO2 freigesetzt wird, hat diese Art von Atomreaktor den aus meiner Sicht absolut bestechenden Vorteil, dass hier der bislang angefallene und zur Zeit zwischen- bzw. endgelagerte &#8222;Atomm\u00fcll&#8220; weiter- bzw. wiederverwendet werden kann, was ungef\u00e4hr zur Stromerzeugung f\u00fcr die n\u00e4chsten 300 Jahre reicht. Au\u00dferdem kann auch das atomare Material, welches in den Atomsprengk\u00f6pfen der Raketen (und davon gibt es ja leider reichlich auf diesem Planeten) zum Einsatz kommt, zur Energiegewinnung herangezogen werden.<\/p>\n\n\n\n<p><strong>Saubere Energie und Abr\u00fcstung in einem<\/strong>!<\/p>\n\n\n\n<p>Da die deutsche Regierung ja sogar jegliche Forschung in diesem Bereich gesetzlich unterbunden hat, wird der Prototyp f\u00fcr die aus Deutschland stammende Technik nun im afrikanischen Ruanda entstehen.<\/p>\n\n\n\n<p><strong><em>\u00dcbrigens: An der polnischen Ostseek\u00fcste wurde mit dem Bau von drei Atommeilern der Generation 3+ begonnen &#8211; u. A. mit EU-F\u00f6rdergeldern<\/em><\/strong> (<a href=\"https:\/\/www.youtube.com\/watch?v=HvndfG5qpgk\">https:\/\/www.youtube.com\/watch?v=HvndfG5qpgk<\/a>). Wussten Sie nicht? Warum wohl?<\/p>\n\n\n\n<p><\/p>\n","protected":false},"excerpt":{"rendered":"<p>Widerstand gegen den Ausbau Der wahllose Ausbau der Windenergieanlagen erf\u00e4hrt bundesweit durch zahllose B\u00fcrgerinitiativen immer mehr Widerstand (z. B. https:\/\/www.vernunftkraft.de\/ , https:\/\/www.energie-gewendet.de\/ , https:\/\/gegenwind-wk402.de\/). Angefangen von den betr\u00e4chtlichen Eingriffen in die Kulturlandschaft und der damit einhergehenden Zerst\u00f6rung und Verschmutzung der Umwelt, \u00fcber massivste Beeintr\u00e4chtigungen der Gesundheit von Mensch und Tier bis hin zu einer mehr&hellip;&nbsp;<a href=\"https:\/\/wollen-wir-windkraft.de\/?page_id=21\" rel=\"bookmark\"><span class=\"screen-reader-text\">Fazit und Forderung<\/span><\/a><\/p>\n","protected":false},"author":1,"featured_media":0,"parent":0,"menu_order":0,"comment_status":"closed","ping_status":"closed","template":"","meta":{"neve_meta_sidebar":"","neve_meta_container":"","neve_meta_enable_content_width":"","neve_meta_content_width":0,"neve_meta_title_alignment":"","neve_meta_author_avatar":"","neve_post_elements_order":"","neve_meta_disable_header":"","neve_meta_disable_footer":"","neve_meta_disable_title":"","neve_meta_reading_time":"","footnotes":""},"class_list":["post-21","page","type-page","status-publish","hentry"],"_links":{"self":[{"href":"https:\/\/wollen-wir-windkraft.de\/index.php?rest_route=\/wp\/v2\/pages\/21","targetHints":{"allow":["GET"]}}],"collection":[{"href":"https:\/\/wollen-wir-windkraft.de\/index.php?rest_route=\/wp\/v2\/pages"}],"about":[{"href":"https:\/\/wollen-wir-windkraft.de\/index.php?rest_route=\/wp\/v2\/types\/page"}],"author":[{"embeddable":true,"href":"https:\/\/wollen-wir-windkraft.de\/index.php?rest_route=\/wp\/v2\/users\/1"}],"replies":[{"embeddable":true,"href":"https:\/\/wollen-wir-windkraft.de\/index.php?rest_route=%2Fwp%2Fv2%2Fcomments&post=21"}],"version-history":[{"count":32,"href":"https:\/\/wollen-wir-windkraft.de\/index.php?rest_route=\/wp\/v2\/pages\/21\/revisions"}],"predecessor-version":[{"id":566,"href":"https:\/\/wollen-wir-windkraft.de\/index.php?rest_route=\/wp\/v2\/pages\/21\/revisions\/566"}],"wp:attachment":[{"href":"https:\/\/wollen-wir-windkraft.de\/index.php?rest_route=%2Fwp%2Fv2%2Fmedia&parent=21"}],"curies":[{"name":"wp","href":"https:\/\/api.w.org\/{rel}","templated":true}]}}