{"id":19,"date":"2025-11-04T14:11:06","date_gmt":"2025-11-04T13:11:06","guid":{"rendered":"https:\/\/wollen-wir-windkraft.de\/?page_id=19"},"modified":"2026-03-04T09:57:17","modified_gmt":"2026-03-04T08:57:17","slug":"herstellungsprozess","status":"publish","type":"page","link":"https:\/\/wollen-wir-windkraft.de\/?page_id=19","title":{"rendered":"Windkraft &#8211; die Anlagen"},"content":{"rendered":"\n<p><strong>Wussten Sie, liebe Mitb\u00fcrgerinnen und Mitb\u00fcrger, dass:<\/strong><\/p>\n\n\n\n<p><\/p>\n\n\n\n<ul class=\"wp-block-list\">\n<li>die geplanten Anlagen mit einer Nennleistung von \u201e<em>[\u2026] bis zu13 Megawatt [&#8230;]<\/em>\u201c (Aussage 1. B\u00fcrgermeister Fr\u00f6hlich im Rohrer Gemeindeblatt, Ausgabe M\u00e4rz 2025) durchschnittlich eine Gesamth\u00f6he von bis zu 280 Metern haben k\u00f6nnen? Zum Vergleich: der N\u00fcrnberger Fernsehturm ist rund 290 Meter hoch. (Quelle: Google)<\/li>\n\n\n\n<li>bei einem Brand der Kanzel (&#8222;Technikraum&#8220;, an dem die Rotoren installiert sind) die Feuerwehren lediglich den umliegenden Bereich absperren und dem Abbrand zusehen k\u00f6nnen? (<em>\u201eDie l\u00e4ngste Drehleiter der Welt ist die Magirus M68L mit einer Arbeitsh\u00f6he von 68 Metern.\u201c<\/em>; Quelle: Google)<\/li>\n<\/ul>\n\n\n\n<div class=\"wp-block-columns is-layout-flex wp-container-core-columns-is-layout-9d6595d7 wp-block-columns-is-layout-flex\">\n<div class=\"wp-block-column is-layout-flow wp-block-column-is-layout-flow\">\n<ul class=\"wp-block-list\">\n<li>das Fundament f\u00fcr z. B. eine 6 MW-Anlage 1.400 m\u00b3 Stahlbeton (ca. 3.500 t) ben\u00f6tigt? <\/li>\n\n\n\n<li>f\u00fcr die Fundamente der WKA in unserem Gemeindegebiet gro\u00dfe Fl\u00e4chen Wald gerodet werden m\u00fcssten? Dies bedeutet eine enorme Fl\u00e4chenversiegelung und zwar nicht nur im fertigen Zustand sondern vor allem und gerade in der Errichtungsphase (Baustelle)? <strong>W\u00e4lder sind CO2-Speicher, sog. CO2-Senken!<\/strong><\/li>\n\n\n\n<li>die Fundamente nach dem Abbau der WKA (ca. 20 bis 25 Jahre) sozusagen als \u201eIndustriedenkm\u00e4ler\u201c im Boden verbleiben?<\/li>\n\n\n\n<li>zur Herstellung der Rotoren u. a. Balsaholz aus den Tropen (Schwerpunkt Ecuador) verwendet wird? Bis zu <strong>40 B\u00e4ume<\/strong> werden f\u00fcr ein Rotorblatt verarbeitet.<\/li>\n\n\n\n<li>dieses Balsaholz mit Glas- und Karbonfasern verst\u00e4rkt und mit Witterungsschutz-Chemikalien (sog. Ewigkeitschemikalien\/PFAS, darunter das krebserregende <strong>Bisphenol A<\/strong>) versiegelt wird?<\/li>\n<\/ul>\n<\/div>\n\n\n\n<div class=\"wp-block-column is-layout-flow wp-block-column-is-layout-flow\"><div class=\"wp-block-image\">\n<figure class=\"aligncenter size-large\"><img loading=\"lazy\" decoding=\"async\" width=\"1024\" height=\"768\" src=\"https:\/\/wollen-wir-windkraft.de\/wp-content\/uploads\/2025\/12\/527468_windrader_bettinaf_pixelio-1024x768.jpg\" alt=\"\" class=\"wp-image-152\" srcset=\"https:\/\/wollen-wir-windkraft.de\/wp-content\/uploads\/2025\/12\/527468_windrader_bettinaf_pixelio-1024x768.jpg 1024w, https:\/\/wollen-wir-windkraft.de\/wp-content\/uploads\/2025\/12\/527468_windrader_bettinaf_pixelio-300x225.jpg 300w, https:\/\/wollen-wir-windkraft.de\/wp-content\/uploads\/2025\/12\/527468_windrader_bettinaf_pixelio-768x576.jpg 768w, https:\/\/wollen-wir-windkraft.de\/wp-content\/uploads\/2025\/12\/527468_windrader_bettinaf_pixelio-1536x1152.jpg 1536w, https:\/\/wollen-wir-windkraft.de\/wp-content\/uploads\/2025\/12\/527468_windrader_bettinaf_pixelio-2048x1536.jpg 2048w\" sizes=\"auto, (max-width: 1024px) 100vw, 1024px\" \/><\/figure>\n<\/div><\/div>\n<\/div>\n\n\n\n<ul class=\"wp-block-list\">\n<li>diese Oberfl\u00e4chenversiegelungen jedoch den Witterungseinfl\u00fcssen (Wind, Regen, Schnee, Hagel, Staub) nicht standhalten und \u00fcber die Zeit durch Abrieb als <strong>\u201eMikroplastik\u201c<\/strong> weit um die WKA auf der Fl\u00e4che verteilt werden, wo sie <strong>in die Nahrungskette und den Wasserkreislauf <\/strong>gelangen?&nbsp; <a href=\"https:\/\/www.iwes.fraunhofer.de\/content\/dam\/iwes\/dokumente\/deutsch\/infomaterial\/brosch\u00fcren\/IWES_Rotorbl\u00e4tter_de.pdf\" target=\"_blank\" rel=\"noreferrer noopener\">https:\/\/www.iwes.fraunhofer.de\/content\/dam\/iwes\/dokumente\/deutsch\/infomaterial\/brosch%C3%BCren\/IWES_Rotorbl%C3%A4tter_de.pdf<\/a><\/li>\n\n\n\n<li>Eine Recherche auf der staatlichen Plattform <a href=\"http:\/\/www.fragdenstaat.at\/\" target=\"_blank\" rel=\"noreferrer noopener\">www.fragdenstaat.at<\/a> ergab einen Abtrag von <strong>45 kg Mikroplastik pro Anlage und Jahr<\/strong>.&nbsp;&nbsp;Einen entsprechenden Artikel finden Sie hier:&nbsp;&nbsp;&nbsp;&nbsp;&nbsp;&nbsp;&nbsp;&nbsp;&nbsp;&nbsp;&nbsp;&nbsp;&nbsp;&nbsp;&nbsp;&nbsp; <a href=\"https:\/\/tkp.at\/2024\/08\/31\/frag-den-staat-umweltfreundliche-windkraftanlagen\/\" target=\"_blank\" rel=\"noreferrer noopener\">https:\/\/tkp.at\/2024\/08\/31\/frag-den-staat-umweltfreundliche-windkraftanlagen\/<\/a> . Eine schwedische Studie kommt sogar auf einen <strong>j\u00e4hrlichen Materialverlust von<\/strong> <strong>62 kg<\/strong> pro Turbine.<\/li>\n\n\n\n<li>zur Isolierung der Schaltkreise das Spurengas Schwefelhexaflourid (SF6) zum Einsatz kommt, welches \u201e<em>[\u2026] <strong>23.500<\/strong>-mal klimasch\u00e4dlicher als Kohlendioxid [&#8230;]\u201c<\/em> ist?(Quelle: Google\/Hervorhebungen durch den Autor)&nbsp; Ja, sie lesen richtig! In Worten: <strong>dreiundzwanzigtausendf\u00fcnfhundert<\/strong>. Siehe hierzu den Bericht des ARD-Magazins Plus-Minus: <a href=\"https:\/\/www.youtube.com\/watch?v=shFiyc4yEAQ\" target=\"_blank\" rel=\"noreferrer noopener\">https:\/\/www.youtube.com\/watch?v=shFiyc4yEAQ<\/a><\/li>\n\n\n\n<li>weitere Chemikalien, wie Nickel, Blei, Quecksilber in die Umwelt abgeben k\u00f6nnen? <a href=\"https:\/\/www.epochtimes.de\/politik\/deutschland\/windkraftanlagen-verteilen-228-teils-giftige-chemikalien-bmwe-ausbauziele-bleiben-a5234234.html\" target=\"_blank\" rel=\"noreferrer noopener\">https:\/\/www.epochtimes.de\/politik\/deutschland\/windkraftanlagen-verteilen-228-teils-giftige-chemikalien-bmwe-ausbauziele-bleiben-a5234234.html<\/a><\/li>\n<\/ul>\n\n\n\n<ul class=\"wp-block-list\">\n<li>In den Gondellagern zur Effizienzsteigerung sog. Permanentmagneten verbaut werden, f\u00fcr deren Herstellung man <strong>Neodym<\/strong> ben\u00f6tigt? Neodym geh\u00f6rt zu den seltenen Erden und wird haupts\u00e4chlich in der Mongolei und West-China &#8211; dem Gebiet der Uiguren (war da nicht was?) &#8211; abgebaut. Zwischen <strong>1 und 7 Tonnen<\/strong> dieses Materials wird f\u00fcr die Herstellung einer WKA ben\u00f6tigt. Beim Bergbauprozess zur Gewinnung von Neodym wird radioaktives Uran und Thorium freigesetzt, welches in den Abbaugebieten zur\u00fcckbleibt.<\/li>\n<\/ul>\n","protected":false},"excerpt":{"rendered":"<p>Wussten Sie, liebe Mitb\u00fcrgerinnen und Mitb\u00fcrger, dass:<\/p>\n","protected":false},"author":1,"featured_media":0,"parent":35,"menu_order":0,"comment_status":"closed","ping_status":"closed","template":"","meta":{"neve_meta_sidebar":"","neve_meta_container":"","neve_meta_enable_content_width":"","neve_meta_content_width":0,"neve_meta_title_alignment":"","neve_meta_author_avatar":"","neve_post_elements_order":"","neve_meta_disable_header":"","neve_meta_disable_footer":"","neve_meta_disable_title":"","neve_meta_reading_time":"","footnotes":""},"class_list":["post-19","page","type-page","status-publish","hentry"],"_links":{"self":[{"href":"https:\/\/wollen-wir-windkraft.de\/index.php?rest_route=\/wp\/v2\/pages\/19","targetHints":{"allow":["GET"]}}],"collection":[{"href":"https:\/\/wollen-wir-windkraft.de\/index.php?rest_route=\/wp\/v2\/pages"}],"about":[{"href":"https:\/\/wollen-wir-windkraft.de\/index.php?rest_route=\/wp\/v2\/types\/page"}],"author":[{"embeddable":true,"href":"https:\/\/wollen-wir-windkraft.de\/index.php?rest_route=\/wp\/v2\/users\/1"}],"replies":[{"embeddable":true,"href":"https:\/\/wollen-wir-windkraft.de\/index.php?rest_route=%2Fwp%2Fv2%2Fcomments&post=19"}],"version-history":[{"count":26,"href":"https:\/\/wollen-wir-windkraft.de\/index.php?rest_route=\/wp\/v2\/pages\/19\/revisions"}],"predecessor-version":[{"id":471,"href":"https:\/\/wollen-wir-windkraft.de\/index.php?rest_route=\/wp\/v2\/pages\/19\/revisions\/471"}],"up":[{"embeddable":true,"href":"https:\/\/wollen-wir-windkraft.de\/index.php?rest_route=\/wp\/v2\/pages\/35"}],"wp:attachment":[{"href":"https:\/\/wollen-wir-windkraft.de\/index.php?rest_route=%2Fwp%2Fv2%2Fmedia&parent=19"}],"curies":[{"name":"wp","href":"https:\/\/api.w.org\/{rel}","templated":true}]}}