{"id":17,"date":"2025-11-04T14:10:45","date_gmt":"2025-11-04T13:10:45","guid":{"rendered":"https:\/\/wollen-wir-windkraft.de\/?page_id=17"},"modified":"2026-05-11T16:44:31","modified_gmt":"2026-05-11T14:44:31","slug":"gesundheit","status":"publish","type":"page","link":"https:\/\/wollen-wir-windkraft.de\/?page_id=17","title":{"rendered":"Windkraft und Gesundheit"},"content":{"rendered":"\n<p><strong>Wussten Sie, liebe Mitb\u00fcrgerinnen und Mitb\u00fcrger, dass:<\/strong><\/p>\n\n\n\n<div class=\"wp-block-columns is-layout-flex wp-container-core-columns-is-layout-9d6595d7 wp-block-columns-is-layout-flex\">\n<div class=\"wp-block-column is-layout-flow wp-block-column-is-layout-flow\">\n<ul class=\"wp-block-list\">\n<li>zur Herstellung der Rotoren Balsaholz aus den Tropen verwendet wird? Und zwar <strong>bis zu 40 B\u00e4ume pro Rotorblatt<\/strong>. Dies f\u00fchrt nat\u00fcrlich zu einer entsprechenden Abholzung des tropischen Regenwaldes, der doch eigentlich gesch\u00fctzt werden sollte&#8230;\ud83e\udd14<\/li>\n\n\n\n<li>dieses Balsaholz mit Glas- und Karbonfasern verst\u00e4rkt und mit Witterungsschutz-Chemikalien (z. B. PFAS &#8211; Per- und Polyfluoralkylsubstanzen, sowie das krebserregende <strong>Bisphenol A<\/strong>) versiegelt wird?<\/li>\n\n\n\n<li>diese Oberfl\u00e4chenveredelungen jedoch den Witterungseinfl\u00fcssen (Regen, Schnee, Hagel, Staub) nicht standhalten und \u00fcber die Zeit durch Abrieb als \u201eMikroplastik\u201c weit um die WKA auf der Fl\u00e4che verteilt werden (teilweise bis 100 km), wo sie in die Nahrungskette und das Trinkwasser gelangen?&nbsp; <a href=\"https:\/\/www.iwes.fraunhofer.de\/content\/dam\/iwes\/dokumente\/deutsch\/infomaterial\/brosch\u00fcren\/IWES_Rotorbl\u00e4tter_de.pdf\">https:\/\/www.iwes.fraunhofer.de\/content\/dam\/iwes\/dokumente\/deutsch\/infomaterial\/brosch%C3%BCren\/IWES_Rotorbl%C3%A4tter_de.pdf<\/a>\n<ul class=\"wp-block-list\">\n<li>Eine Recherche auf der staatlichen Plattform <a href=\"http:\/\/www.fragdenstaat.at\/\">www.fragdenstaat.at<\/a> ergab einen Abtrag von <strong>45 kg Mikroplastik pro Anlage und Jahr<\/strong>.&nbsp;&nbsp;&nbsp;&nbsp;&nbsp;&nbsp;&nbsp;&nbsp;&nbsp;&nbsp;&nbsp;&nbsp;&nbsp;&nbsp;&nbsp;&nbsp;&nbsp;&nbsp; <a href=\"https:\/\/tkp.at\/2024\/08\/31\/frag-den-staat-umweltfreundliche-windkraftanlagen\/\">https:\/\/tkp.at\/2024\/08\/31\/frag-den-staat-umweltfreundliche-windkraftanlagen\/<\/a> Dies wird auch vom wissenschaftlichen Dienst des Bundestages best\u00e4tigt: <a href=\"https:\/\/www.bundestag.de\/resource\/blob\/817020\/27cf214cfbeaac330d3b731cbbd8610b\/WD-8-077-20-pdf-data.pdf\">https:\/\/www.bundestag.de\/resource\/blob\/817020\/27cf214cfbeaac330d3b731cbbd8610b\/WD-8-077-20-pdf-data.pdf<\/a><\/li>\n\n\n\n<li>Eine schwedische Studie kommt sogar auf einen j\u00e4hrlichen Materialverlust von  <strong>62 kg<\/strong> pro Turbine.<\/li>\n\n\n\n<li><a href=\"https:\/\/tkp.at\/2026\/04\/21\/windparks-kontaminieren-ihre-umgebung-mit-hoch-giftigem-pfas\/\">https:\/\/tkp.at\/2026\/04\/21\/windparks-kontaminieren-ihre-umgebung-mit-hoch-giftigem-pfas\/<\/a><\/li>\n<\/ul>\n<\/li>\n<\/ul>\n<\/div>\n\n\n\n<div class=\"wp-block-column is-layout-flow wp-block-column-is-layout-flow\">\n<div style=\"height:30px\" aria-hidden=\"true\" class=\"wp-block-spacer\"><\/div>\n\n\n\n<figure class=\"wp-block-image size-large\"><img loading=\"lazy\" decoding=\"async\" width=\"1024\" height=\"768\" src=\"https:\/\/wollen-wir-windkraft.de\/wp-content\/uploads\/2025\/12\/527468_windrader_bettinaf_pixelio-1024x768.jpg\" alt=\"\" class=\"wp-image-152\" srcset=\"https:\/\/wollen-wir-windkraft.de\/wp-content\/uploads\/2025\/12\/527468_windrader_bettinaf_pixelio-1024x768.jpg 1024w, https:\/\/wollen-wir-windkraft.de\/wp-content\/uploads\/2025\/12\/527468_windrader_bettinaf_pixelio-300x225.jpg 300w, https:\/\/wollen-wir-windkraft.de\/wp-content\/uploads\/2025\/12\/527468_windrader_bettinaf_pixelio-768x576.jpg 768w, https:\/\/wollen-wir-windkraft.de\/wp-content\/uploads\/2025\/12\/527468_windrader_bettinaf_pixelio-1536x1152.jpg 1536w, https:\/\/wollen-wir-windkraft.de\/wp-content\/uploads\/2025\/12\/527468_windrader_bettinaf_pixelio-2048x1536.jpg 2048w\" sizes=\"auto, (max-width: 1024px) 100vw, 1024px\" \/><\/figure>\n<\/div>\n<\/div>\n\n\n\n<ul class=\"wp-block-list\">\n<li>zur Isolierung der Schaltkreise das Spurengas <strong>Schwefelhexaflourid<\/strong> (SF6) zum Einsatz kommt, welches \u201e<em>[\u2026] <strong>23.500<\/strong>-mal klimasch\u00e4dlicher als Kohlendioxid [&#8230;]\u201c<\/em> ist? (Quelle: Google\/Hervorhebungen durch den Autor)&nbsp; Ja, sie lesen richtig! In Worten: <strong>dreiundzwanzigtausendf\u00fcnfhundert<\/strong>. Siehe hierzu den Bericht des ARD-Magazins Plus-Minus: <a href=\"https:\/\/www.youtube.com\/watch?v=shFiyc4yEAQ\">https:\/\/www.youtube.com\/watch?v=shFiyc4yEAQ<\/a>. Weiterf\u00fchrende Informationen zu SF6 erhalten Sie auch hier:  <a href=\"https:\/\/thlemv.de\/media\/files\/Klimakiller-Schwefelhexafluorid-in-Windkraftanlagen.pdf\">https:\/\/thlemv.de\/media\/files\/Klimakiller-Schwefelhexafluorid-in-Windkraftanlagen.pdf<\/a> <\/li>\n\n\n\n<li>weitere Chemikalien, wie z. B. Nickel, Blei und Quecksilber in die Umwelt abgeben k\u00f6nnen?<\/li>\n\n\n\n<li>Windkraftanlagen <strong>Infraschall<\/strong> erzeugen, der im nicht h\u00f6rbaren Bereich zwischen unter 1 Hz und 20 Hz liegt? Immer mehr Studien zeigen die gesundheitssch\u00e4dlichen Auswirkungen von Infraschall auf den menschlichen Organismus (Herz-Kreislaufprobleme, Abgeschlagenheit etc.)? <strong>Die Infraschall-Thematik ist eines der Kernprobleme f\u00fcr die menschliche Gesundheit beim Betrieb von WKA. <\/strong>N\u00e4here Informationen finden Sie u. a. hier:\n<ul class=\"wp-block-list\">\n<li><a href=\"https:\/\/www.dsgs-info.de\/\" target=\"_blank\" rel=\"noreferrer noopener\">https:\/\/www.dsgs-info.de\/<\/a> <\/li>\n\n\n\n<li><a href=\"https:\/\/www.youtube.com\/watch?v=eWzHWXizlEI\" data-type=\"link\" data-id=\"https:\/\/www.youtube.com\/watch?v=eWzHWXizlEI\">https:\/\/www.youtube.com\/watch?v=eWzHWXizlEI<\/a><\/li>\n\n\n\n<li><a href=\"https:\/\/www.aerztefuerimmissionsschutz.de\/\" target=\"_blank\" rel=\"noreferrer noopener\">https:\/\/www.aerztefuerimmissionsschutz.de\/<\/a><\/li>\n\n\n\n<li><a href=\"https:\/\/www.vernunftkraft.de\/de\/wp-content\/uploads\/2019\/03\/FliWip-Final-Report.pdf\">https:\/\/www.vernunftkraft.de\/de\/wp-content\/uploads\/2019\/03\/FliWip-Final-Report.pdf<\/a><\/li>\n\n\n\n<li><a href=\"https:\/\/royalsocietypublishing.org\/doi\/10.1098\/rsos.211558\">https:\/\/royalsocietypublishing.org\/doi\/10.1098\/rsos.211558<\/a> )<\/li>\n\n\n\n<li><a href=\"https:\/\/tkp.at\/2026\/02\/02\/historisches-urteil-infraschall-von-windraedern-als-gesundheitsrisiko-anerkannt\/\">https:\/\/tkp.at\/2026\/02\/02\/historisches-urteil-infraschall-von-windraedern-als-gesundheitsrisiko-anerkannt\/<\/a><\/li>\n\n\n\n<li><a href=\"https:\/\/www.vernunftkraft.de\/weckruf-aus-toulouse\/\">https:\/\/www.vernunftkraft.de\/weckruf-aus-toulouse\/<\/a> (&#8222;<em>Das Gericht hat die als typisch geltenden Symptome festgestellt: Kopfschmerzen, schmerzhafter Druck auf den Ohren, Schwindel, M\u00fcdigkeit, Herzrasen, Tinnitus, \u00dcbelkeit, Nasenbluten und Schlafst\u00f6rungen.<\/em>&#8222;)<\/li>\n\n\n\n<li><a href=\"https:\/\/tkp.at\/2026\/03\/27\/neue-studie-infraschall-verursacht-erhebliche-biologische-auswirkungen\/\">https:\/\/tkp.at\/2026\/03\/27\/neue-studie-infraschall-verursacht-erhebliche-biologische-auswirkungen\/<\/a><\/li>\n\n\n\n<li><a href=\"https:\/\/tkp.at\/2026\/03\/30\/infraschall-durch-windraeder-modelliert-und-in-messungen-bestaetigt\/\">https:\/\/tkp.at\/2026\/03\/30\/infraschall-durch-windraeder-modelliert-und-in-messungen-bestaetigt\/<\/a> &#8211; Ich habe hierzu die KI (Grok) nach der Bedeutung von 10 Hz (Frequenz) bei 95 db (Schalldruck) (siehe verlinkten Artikel) befragt. Hier die Antwort: <em>&#8222;Wirkung von 10 Hz bei 95 dB: Obwohl du es nicht bewusst h\u00f6rst, kannst du es <strong>k\u00f6rperlich sp\u00fcren<\/strong> (als Vibration im Brustkorb, Bauch oder Druck auf die Ohren). Bei dieser Kombination (sehr tiefe Frequenz + hohe Lautst\u00e4rke) kann es zu <strong>Unwohlsein<\/strong>, <strong>\u00dcbelkeit<\/strong>, <strong>Angstgef\u00fchlen<\/strong> oder <strong>Schwindel<\/strong> kommen (sog. Infraschall-Effekte). L\u00e4ngerfristig kann es belastend f\u00fcr den K\u00f6rper sein. <strong>Zusammengefasst:<\/strong> 10 Hz bei 95 dB = Ein <strong>extrem tiefer, sehr lauter Bass<\/strong>, den du nicht h\u00f6rst, aber <strong>stark sp\u00fcrst<\/strong> \u2013 und der k\u00f6rperlich unangenehm bis belastend wirken kann.&#8220;<\/em><\/li>\n\n\n\n<li><a href=\"https:\/\/tkp.at\/2026\/04\/09\/infraschall-schallwellen-mit-extrem-weiter-ausbreitung\/\">https:\/\/tkp.at\/2026\/04\/09\/infraschall-schallwellen-mit-extrem-weiter-ausbreitung\/<\/a><\/li>\n\n\n\n<li><a href=\"https:\/\/tkp.at\/2026\/05\/02\/infraschall-von-windraedern-macht-krank-neue-mainzer-studie-belegt-massiv-erhoehtes-risiko-fuer-herzschaeden\/\">https:\/\/tkp.at\/2026\/05\/02\/infraschall-von-windraedern-macht-krank-neue-mainzer-studie-belegt-massiv-erhoehtes-risiko-fuer-herzschaeden\/<\/a> <\/li>\n\n\n\n<li><a href=\"https:\/\/tkp.at\/2026\/05\/11\/herzinfarkt-vom-windrad-durch-infraschall-hier-sind-die-wirk-mechanismen-im-ueberblick\/\">https:\/\/tkp.at\/2026\/05\/11\/herzinfarkt-vom-windrad-durch-infraschall-hier-sind-die-wirk-mechanismen-im-ueberblick\/<\/a> <\/li>\n\n\n\n<li><a href=\"https:\/\/tkp.at\/2026\/05\/10\/die-physik-des-lautlosen-schreckens-infraschall-bei-windkraftanlagen\/\">https:\/\/tkp.at\/2026\/05\/10\/die-physik-des-lautlosen-schreckens-infraschall-bei-windkraftanlagen\/<\/a><\/li>\n<\/ul>\n<\/li>\n\n\n\n<li>der Schattenwurf der in Bewegung befindlichen Rotoren je nach Sonnenstand bei lichtempfindlichen Personen zu photosensitiven Epilepsieanf\u00e4llen f\u00fchren kann?<\/li>\n<\/ul>\n\n\n\n<p><\/p>\n","protected":false},"excerpt":{"rendered":"<p>Wussten Sie, liebe Mitb\u00fcrgerinnen und Mitb\u00fcrger, dass:<\/p>\n","protected":false},"author":1,"featured_media":0,"parent":35,"menu_order":0,"comment_status":"closed","ping_status":"closed","template":"","meta":{"neve_meta_sidebar":"","neve_meta_container":"","neve_meta_enable_content_width":"","neve_meta_content_width":0,"neve_meta_title_alignment":"","neve_meta_author_avatar":"","neve_post_elements_order":"","neve_meta_disable_header":"","neve_meta_disable_footer":"","neve_meta_disable_title":"","neve_meta_reading_time":"","footnotes":""},"class_list":["post-17","page","type-page","status-publish","hentry"],"_links":{"self":[{"href":"https:\/\/wollen-wir-windkraft.de\/index.php?rest_route=\/wp\/v2\/pages\/17","targetHints":{"allow":["GET"]}}],"collection":[{"href":"https:\/\/wollen-wir-windkraft.de\/index.php?rest_route=\/wp\/v2\/pages"}],"about":[{"href":"https:\/\/wollen-wir-windkraft.de\/index.php?rest_route=\/wp\/v2\/types\/page"}],"author":[{"embeddable":true,"href":"https:\/\/wollen-wir-windkraft.de\/index.php?rest_route=\/wp\/v2\/users\/1"}],"replies":[{"embeddable":true,"href":"https:\/\/wollen-wir-windkraft.de\/index.php?rest_route=%2Fwp%2Fv2%2Fcomments&post=17"}],"version-history":[{"count":30,"href":"https:\/\/wollen-wir-windkraft.de\/index.php?rest_route=\/wp\/v2\/pages\/17\/revisions"}],"predecessor-version":[{"id":572,"href":"https:\/\/wollen-wir-windkraft.de\/index.php?rest_route=\/wp\/v2\/pages\/17\/revisions\/572"}],"up":[{"embeddable":true,"href":"https:\/\/wollen-wir-windkraft.de\/index.php?rest_route=\/wp\/v2\/pages\/35"}],"wp:attachment":[{"href":"https:\/\/wollen-wir-windkraft.de\/index.php?rest_route=%2Fwp%2Fv2%2Fmedia&parent=17"}],"curies":[{"name":"wp","href":"https:\/\/api.w.org\/{rel}","templated":true}]}}