{"id":15,"date":"2025-11-04T14:10:24","date_gmt":"2025-11-04T13:10:24","guid":{"rendered":"https:\/\/wollen-wir-windkraft.de\/?page_id=15"},"modified":"2026-04-15T20:03:13","modified_gmt":"2026-04-15T18:03:13","slug":"umwelt-und-naturschutz","status":"publish","type":"page","link":"https:\/\/wollen-wir-windkraft.de\/?page_id=15","title":{"rendered":"Windkraft &#8211; Umwelt- und Naturschutz"},"content":{"rendered":"\n<div class=\"wp-block-columns is-layout-flex wp-container-core-columns-is-layout-9d6595d7 wp-block-columns-is-layout-flex\">\n<div class=\"wp-block-column is-layout-flow wp-block-column-is-layout-flow\">\n<p class=\"has-border-color\" style=\"border-color:var(--nv-c-2);border-width:2px;border-radius:10px;padding-top:var(--wp--preset--spacing--40);padding-right:var(--wp--preset--spacing--40);padding-bottom:var(--wp--preset--spacing--40);padding-left:var(--wp--preset--spacing--40)\">In seiner Sendung \u201eFrontal\u201c vom 02.09.2025 hat das ZDF \u00fcber einen negativen Aspekt dieser Industrieanlagen \u2013 n\u00e4mlich die Entsorgung \u2013 berichtet. (<a href=\"https:\/\/www.zdf.de\/play\/magazine\/frontal-das-magazin-100\/frontal-vom-2-september-2025-100\" target=\"_blank\" rel=\"noreferrer noopener\">https:\/\/www.zdf.de\/play\/magazine\/frontal-das-magazin-100\/frontal-vom-2-september-2025-100<\/a> , ab Minute 22:28)<\/p>\n\n\n\n<p class=\"has-border-color\" style=\"border-color:var(--nv-c-2);border-width:2px;border-radius:10px;padding-top:var(--wp--preset--spacing--40);padding-right:var(--wp--preset--spacing--40);padding-bottom:var(--wp--preset--spacing--40);padding-left:var(--wp--preset--spacing--40)\">Das ist aber nur eine von vielen negativen Auswirkungen dieser Form der Energiegewinnung f\u00fcr Mensch und Umwelt.<\/p>\n<\/div>\n\n\n\n<div class=\"wp-block-column is-layout-flow wp-block-column-is-layout-flow\">\n<figure class=\"wp-block-image size-large\"><img loading=\"lazy\" decoding=\"async\" width=\"1024\" height=\"640\" src=\"https:\/\/wollen-wir-windkraft.de\/wp-content\/uploads\/2025\/12\/841939_energiewende_berlin-pics_pixelio-1024x640.jpg\" alt=\"\" class=\"wp-image-155\" srcset=\"https:\/\/wollen-wir-windkraft.de\/wp-content\/uploads\/2025\/12\/841939_energiewende_berlin-pics_pixelio-1024x640.jpg 1024w, https:\/\/wollen-wir-windkraft.de\/wp-content\/uploads\/2025\/12\/841939_energiewende_berlin-pics_pixelio-300x188.jpg 300w, https:\/\/wollen-wir-windkraft.de\/wp-content\/uploads\/2025\/12\/841939_energiewende_berlin-pics_pixelio-768x480.jpg 768w, https:\/\/wollen-wir-windkraft.de\/wp-content\/uploads\/2025\/12\/841939_energiewende_berlin-pics_pixelio-1536x960.jpg 1536w, https:\/\/wollen-wir-windkraft.de\/wp-content\/uploads\/2025\/12\/841939_energiewende_berlin-pics_pixelio-2048x1280.jpg 2048w\" sizes=\"auto, (max-width: 1024px) 100vw, 1024px\" \/><\/figure>\n<\/div>\n<\/div>\n\n\n\n<h2 class=\"wp-block-heading\"><strong>Wussten Sie, liebe Mitb\u00fcrgerinnen und Mitb\u00fcrger, dass:<\/strong><\/h2>\n\n\n\n<p><\/p>\n\n\n\n<ul class=\"wp-block-list\">\n<li>die in unserem Gemeindegebiet nunmehr ausgewiesenen Vorrang- bzw. Vorbehaltsfl\u00e4chen gro\u00dfe Teile von Landschaftsschutz- und Wasserversorgungsgebieten betreffen und z. T. auch Trinkwasserschutzgebiete in der N\u00e4he liegen (Hochbeh\u00e4lter Krottenbach)?  <a href=\"https:\/\/atlas.bayern.de\/?c=638596,5468247&amp;z=13&amp;r=0&amp;l=atkis,http%3A%2F%2Fwww.lfu.bayern.de%2Fgdi%2Fwms%2Fnaturschutz%2Fschutzgebiete%3F%7C%7Cvogelschutzgebiet%7C%7CVogelschutzgebiete,http%3A%2F%2Fwww.lfu.bayern.de%2Fgdi%2Fwms%2Fnaturschutz%2Fschutzgebiete%3F%7C%7Cnaturschutzgebiet%7C%7CNaturschutzgebiete,http%3A%2F%2Fwww.lfu.bayern.de%2Fgdi%2Fwms%2Fnaturschutz%2Fschutzgebiete%3F%7C%7Cnaturpark%7C%7CNaturparke,http%3A%2F%2Fwww.lfu.bayern.de%2Fgdi%2Fwms%2Fnaturschutz%2Fschutzgebiete%3F%7C%7Cnationalpark%7C%7CNationalparke,http%3A%2F%2Fwww.lfu.bayern.de%2Fgdi%2Fwms%2Fnaturschutz%2Fschutzgebiete%3F%7C%7Clandschaftsschutzgebiet%7C%7CLandschaftsschutzgebiete,http%3A%2F%2Fwww.lfu.bayern.de%2Fgdi%2Fwms%2Fnaturschutz%2Fschutzgebiete%3F%7C%7Cfauna_flora_habitat_gebiet%7C%7CFauna-Flora-Habitat%20Gebiete,http%3A%2F%2Fwww.lfu.bayern.de%2Fgdi%2Fwms%2Fnaturschutz%2Fschutzgebiete%3F%7C%7Cbiosphaerenreservat%7C%7CBiosph%C3%A4renreservate&amp;l_v=true,false,false,false,false,true,true,false&amp;t=ba&amp;mid=1\">https:\/\/atlas.bayern.de\/?c=638596,5468247&amp;z=13&amp;r=0&amp;l=atkis,http%3A%2F%2Fwww.lfu.bayern.de%2Fgdi%2Fwms%2Fnaturschutz%2Fschutzgebiete%3F%7C%7Cvogelschutzgebiet%7C%7CVogelschutzgebiete,http%3A%2F%2Fwww.lfu.bayern.de%2Fgdi%2Fwms%2Fnaturschutz%2Fschutzgebiete%3F%7C%7Cnaturschutzgebiet%7C%7CNaturschutzgebiete,http%3A%2F%2Fwww.lfu.bayern.de%2Fgdi%2Fwms%2Fnaturschutz%2Fschutzgebiete%3F%7C%7Cnaturpark%7C%7CNaturparke,http%3A%2F%2Fwww.lfu.bayern.de%2Fgdi%2Fwms%2Fnaturschutz%2Fschutzgebiete%3F%7C%7Cnationalpark%7C%7CNationalparke,http%3A%2F%2Fwww.lfu.bayern.de%2Fgdi%2Fwms%2Fnaturschutz%2Fschutzgebiete%3F%7C%7Clandschaftsschutzgebiet%7C%7CLandschaftsschutzgebiete,http%3A%2F%2Fwww.lfu.bayern.de%2Fgdi%2Fwms%2Fnaturschutz%2Fschutzgebiete%3F%7C%7Cfauna_flora_habitat_gebiet%7C%7CFauna-Flora-Habitat%20Gebiete,http%3A%2F%2Fwww.lfu.bayern.de%2Fgdi%2Fwms%2Fnaturschutz%2Fschutzgebiete%3F%7C%7Cbiosphaerenreservat%7C%7CBiosph%C3%A4renreservate&amp;l_v=true,false,false,false,false,true,true,false&amp;t=ba&amp;mid=1<\/a> <\/li>\n\n\n\n<li>f\u00fcr die Fundamente der WKA in unserem Gemeindegebiet gro\u00dfe Fl\u00e4chen Wald gerodet werden m\u00fcssten? Dies bedeutet eine weitere Fl\u00e4chenversiegelung und zwar nicht nur im fertigen Zustand sondern vor allem und gerade in der Errichtungsphase (Baustelle)? <strong>W\u00e4lder sind CO2-Speicher, sog. CO2-Senken!<\/strong> Die Bodenverdichtung wirkt sich auf die Durchl\u00e4ssigkeit des Bodens aus, was wiederum zu Problemen bei Starkregenereignissen f\u00fchren wird und auch die Kapillarwirkung beeintr\u00e4chtigt bzw. zerst\u00f6rt.<\/li>\n\n\n\n<li>die Fundamente nach dem Abbau der WKA (ca. 20 bis 25 Jahre) sozusagen als \u201eIndustriedenkm\u00e4ler\u201c im Boden verbleiben?<\/li>\n\n\n\n<li>zur Herstellung der Rotoren Balsaholz aus den Tropen verwendet wird (bis zu <strong>40 B\u00e4ume pro Rotorblatt<\/strong>)?<\/li>\n\n\n\n<li>dieses Balsaholz mit Glas- und Karbonfasern verst\u00e4rkt und mit Witterungsschutz-Chemikalien (sog. Ewigkeitschemikalien, darunter das krebserregende <strong>Bisphenol A<\/strong>) versiegelt wird?<\/li>\n\n\n\n<li>diese Oberfl\u00e4chenveredelungen jedoch den Witterungseinfl\u00fcssen (Regen, Schnee, Hagel, Staub) nicht standhalten und \u00fcber die Zeit durch Abrieb als \u201eMikroplastik\u201c weit um die WKA auf der Fl\u00e4che verteilt werden, wo sie in die Nahrungskette und das Trinkwasser gelangen?&nbsp;Dies wurde bereits mehrfach in Wildtieren sowie Fischen und Muschelkolonien nachgewiesen. <a href=\"https:\/\/www.iwes.fraunhofer.de\/content\/dam\/iwes\/dokumente\/deutsch\/infomaterial\/brosch\u00fcren\/IWES_Rotorbl\u00e4tter_de.pdf\" target=\"_blank\" rel=\"noreferrer noopener\">https:\/\/www.iwes.fraunhofer.de\/content\/dam\/iwes\/dokumente\/deutsch\/infomaterial\/brosch%C3%BCren\/IWES_Rotorbl%C3%A4tter_de.pdf<\/a><\/li>\n\n\n\n<li>Eine Recherche auf der staatlichen Plattform <a href=\"http:\/\/www.fragdenstaat.at\/\">www.fragdenstaat.at<\/a> einen Abtrag von <strong>45 kg Mikroplastik pro Anlage und Jahr<\/strong> ergab.&nbsp; <a href=\"https:\/\/tkp.at\/2024\/08\/31\/frag-den-staat-umweltfreundliche-windkraftanlagen\/\" target=\"_blank\" rel=\"noreferrer noopener\">https:\/\/tkp.at\/2024\/08\/31\/frag-den-staat-umweltfreundliche-windkraftanlagen\/<\/a><\/li>\n\n\n\n<li>Eine schwedische Studie kommt sogar auf einen j\u00e4hrlichen Materialverlust von <strong>62 kg<\/strong> pro Turbine.<\/li>\n\n\n\n<li>zur Isolierung der Schaltkreise das Spurengas <strong>Schwefelhexaflourid<\/strong> (SF6) zum Einsatz kommt, welches \u201e<em>[\u2026] <strong>23.500<\/strong>-mal klimasch\u00e4dlicher als Kohlendioxid [&#8230;]\u201c<\/em> ist?(Quelle: Google\/Hervorhebungen durch den Autor)&nbsp; Ja, sie lesen richtig! In Worten: <strong>dreiundzwanzigtausendf\u00fcnfhundert<\/strong>. Siehe hierzu den Bericht des ARD-Magazins Plus-Minus: <a href=\"https:\/\/www.youtube.com\/watch?v=shFiyc4yEAQ\" target=\"_blank\" rel=\"noreferrer noopener\">https:\/\/www.youtube.com\/watch?v=shFiyc4yEAQ<\/a><\/li>\n\n\n\n<li>weitere Chemikalien wie Nickel, Blei, Quecksilber in die Umwelt abgeben k\u00f6nnen? <a href=\"https:\/\/www.epochtimes.de\/politik\/deutschland\/windkraftanlagen-verteilen-228-teils-giftige-chemikalien-bmwe-ausbauziele-bleiben-a5234234.html\" target=\"_blank\" rel=\"noreferrer noopener\">https:\/\/www.epochtimes.de\/politik\/deutschland\/windkraftanlagen-verteilen-228-teils-giftige-chemikalien-bmwe-ausbauziele-bleiben-a5234234.html<\/a> (leider hinter einer Bezahlschranke&#8230;\ud83d\ude44)<\/li>\n\n\n\n<li>sich die Rotorspitzen mit bis zu weit \u00fcber 300 km\/h um die Nabe drehen, wodurch sich -gerade in der kalten Jahreszeit &#8211; Eisanhaftungen zu gef\u00e4hrlichen Geschossen entwickeln k\u00f6nnen?<\/li>\n\n\n\n<li>Windkraftanlagen wegen der Durchmischung der Luftschichten \u00fcber die Rotation der Fl\u00fcgel einen <strong>W\u00e4rmeeffekt<\/strong> erzeugen? (siehe Studie aus 2018: <a href=\"https:\/\/www.sciencedirect.com\/science\/article\/pii\/S254243511830446X\">https:\/\/www.sciencedirect.com\/science\/article\/pii\/S254243511830446X<\/a>) Diese Industrieanlagen werden unter dem Vorwand gebaut, der Erw\u00e4rmung des Planeten entgegen zu wirken und verursachen selbst eine Erw\u00e4rmung des Kleinklimas!<\/li>\n\n\n\n<li>V\u00f6gel und Insekten (<strong>&#8222;[&#8230;] 1.200 Milliarden Fluginsekten [&#8230;]&#8220; &#8211; darunter 5% Bienen<\/strong>) von den Rotorbl\u00e4ttern buchst\u00e4blich erschlagen werden (<a href=\"https:\/\/www.dlr.de\/de\/aktuelles\/nachrichten\/2019\/01\/20190326_dlr-studie-zu-wechselwirkungen-von-fluginsekten-und-windparks\">https:\/\/www.dlr.de\/de\/aktuelles\/nachrichten\/2019\/01\/20190326_dlr-studie-zu-wechselwirkungen-von-fluginsekten-und-windparks<\/a>)? <em>\u201eDas Leibniz-Institut f\u00fcr Zoo- und Wildtierforschung geht davon aus, dass&nbsp;pro Jahr <strong>200.000 Tiere<\/strong> durch deutsche Windkraftanlagen get\u00f6tet werden.\u201c <\/em>(<a href=\"https:\/\/www.vernunftkraft.de\/windkraft-und-fledermaeuse\/\" target=\"_blank\" rel=\"noreferrer noopener\">https:\/\/www.vernunftkraft.de\/windkraft-und-fledermaeuse\/<\/a> )<\/li>\n<\/ul>\n\n\n\n<blockquote class=\"wp-block-quote is-layout-flow wp-block-quote-is-layout-flow\">\n<p>&nbsp;&nbsp;&nbsp;&nbsp;&nbsp;&nbsp;&nbsp;&nbsp;&nbsp;&nbsp;&nbsp; Zitat: <em>\u201e[\u2026] theoretischen Sch\u00e4tzung von etwa einer Billion <\/em><em>(Insekten; Anm. d. Autors) <\/em><em>pro Jahr, die in deutschen Windparks verloren gehen.\u201c <\/em>(Modellrechnung des Deutschen Luft- und Raumfahrt-Instituts f\u00fcr Technische Thermodynamik)<\/p>\n<\/blockquote>\n\n\n\n<p>(<a href=\"https:\/\/www.vernunftkraft.de\/de\/wp-content\/uploads\/2019\/03\/FliWip-Final-Report.pdf\">https:\/\/www.vernunftkraft.de\/de\/wp-content\/uploads\/2019\/03\/FliWip-Final-Report.pdf<\/a><br><a href=\"https:\/\/www.sciencedirect.com\/science\/article\/pii\/S2351989422001512\">https:\/\/www.sciencedirect.com\/science\/article\/pii\/S2351989422001512<\/a><br><a href=\"https:\/\/royalsocietypublishing.org\/doi\/10.1098\/rsos.211558\">https:\/\/royalsocietypublishing.org\/doi\/10.1098\/rsos.211558<\/a> )<\/p>\n\n\n\n<ul class=\"wp-block-list\">\n<li><a href=\"https:\/\/tkp.at\/2026\/03\/13\/studie-zeigt-enorme-umweltschaeden-durch-onshore-windkraftanlagen\/\">https:\/\/tkp.at\/2026\/03\/13\/studie-zeigt-enorme-umweltschaeden-durch-onshore-windkraftanlagen\/<\/a><\/li>\n<\/ul>\n\n\n\n<ul class=\"wp-block-list\">\n<li>Flederm\u00e4use ein besonders schlimmes Schicksal erleiden? Auch wenn es ihnen dank ihrer Ultraschall-Orientierung gelingen sollte, zwischen den Rotorbl\u00e4ttern hindurchzufliegen, sterben sie trotzdem durch den Druckabfall auf der R\u00fcckseite des Windrades, da ihnen buchst\u00e4blich <strong>die Lungen kollabieren!!!<\/strong><\/li>\n\n\n\n<li><a href=\"https:\/\/eike-klima-energie.eu\/2026\/04\/14\/umweltfreundliche-energie-schlachtet-wildtiere\/\">https:\/\/eike-klima-energie.eu\/2026\/04\/14\/umweltfreundliche-energie-schlachtet-wildtiere\/<\/a><\/li>\n<\/ul>\n\n\n\n<ul class=\"wp-block-list\">\n<li>WKA durch die Verwirbelung des Windes die unterschiedlich temperierten Luftschichten vermischen, es dadurch zu einer Austrocknung im Bodenbereich kommt und in der Folge die Vegetation (Biomasse) im Umfeld er WKA abnimmt? (<a href=\"https:\/\/www.nature.com\/articles\/s41598-023-49650-9\" target=\"_blank\" rel=\"noreferrer noopener\">https:\/\/www.nature.com\/articles\/s41598-023-49650-9<\/a> )<\/li>\n\n\n\n<li>Beobachtungsstudien zeigten, dass Wildtiere den Bereich um die WKA bei deren Betrieb verlassen und erst wieder zur\u00fcckkehren, wenn die WKA wieder stillstehen?<\/li>\n<\/ul>\n\n\n\n<p><strong>Diese Aufz\u00e4hlung ist nicht abschlie\u00dfend und wird regelm\u00e4\u00dfig erweitert und erg\u00e4nzt werden.<\/strong><\/p>\n\n\n\n<p>Wer sich noch mehr in die Thematik vertiefen m\u00f6chte, dem empfehle ich das Buch von Dr. Peter F. Mayer und Traude Schubert: <strong><em>\u201eWindkraft \u2013 Schadet Umwelt, Menschen, Tieren und Pflanzen, mehr als jede andere Energiequelle\u201c<\/em><\/strong> im Verlag Books on Demand GmbH (ISBN: 978-3-8192-2885-8).<\/p>\n\n\n\n<p>Auch empfehlenswert ist die Abhandlung auf physikalischer Ebene im Buch <strong><em>\u201eWindwahn \u2013 Der Windwahn und seine klimatischen Konsequenzen\u201c<\/em><\/strong> von Manfred Brugger, erschienen im Novum-Verlag 2024 (ISBN: 978-3-99130-394-7).<\/p>\n\n\n\n<p>Weitere tiefergehende Fachliteratur bildet das Werk <strong>&#8222;Windkraftindustrie und Naturschutz &#8211; Windkraft-Landschaftsschutz-Naturschutz-Ethik&#8220;<\/strong> von Dr. Wolfgang Epple, ebenfalls erschienen im Verlag BoD &#8211; Books on Demand, Nodersted (ISBN 9783753416991). Diese Studie ist zudem in der Deutschen Nationalbibliothek verzeichnet ( <a href=\"http:\/\/dnb.dnb.de\" data-type=\"link\" data-id=\"dnb.dnb.de\">dnb.dnb.de<\/a> ).<\/p>\n\n\n\n<p>Zudem sind zahlreiche weitere Artikel (mit entsprechenden Quellenverweisen) auf dem Blog von Dr. Peter F. Mayer <a href=\"http:\/\/www.tkp.at\/\">www.tkp.at<\/a> nachzulesen.<\/p>\n\n\n\n<p>Wer sich eingehender mit der Thematik des sog. &#8222;menschengemachten Klimawandels&#8220; auseinandersetzen m\u00f6chte, dem empfehle ich als Einstieg den <strong>Dokumentarfilm \u201eKlima \u2013 der Film (Die kalte Wahrheit)\u201c <\/strong>(Im englischen Original: \u201eClimate \u2013 The Movie (The Cold Truth)\u201c<a href=\"https:\/\/www.youtube.com\/watch?v=zmfRG8-RHEI\">https:\/\/www.youtube.com\/watch?v=zmfRG8-RHEI<\/a><\/p>\n\n\n\n<p>Auf der Seite <a href=\"http:\/\/www.clintel.org\">www.clintel.org<\/a> kommen <strong>zahlreiche internationale Experten<\/strong>  (u. a. auch aus Deutschland) zu Wort.<\/p>\n\n\n\n<p><\/p>\n","protected":false},"excerpt":{"rendered":"<p>In seiner Sendung \u201eFrontal\u201c vom 02.09.2025 hat das ZDF \u00fcber einen negativen Aspekt dieser Industrieanlagen \u2013 n\u00e4mlich die Entsorgung \u2013 berichtet. (https:\/\/www.zdf.de\/play\/magazine\/frontal-das-magazin-100\/frontal-vom-2-september-2025-100 , ab Minute 22:28) Das ist aber nur eine von vielen negativen Auswirkungen dieser Form der Energiegewinnung f\u00fcr Mensch und Umwelt. Wussten Sie, liebe Mitb\u00fcrgerinnen und Mitb\u00fcrger, dass: &nbsp;&nbsp;&nbsp;&nbsp;&nbsp;&nbsp;&nbsp;&nbsp;&nbsp;&nbsp;&nbsp; Zitat: \u201e[\u2026] theoretischen Sch\u00e4tzung&hellip;&nbsp;<a href=\"https:\/\/wollen-wir-windkraft.de\/?page_id=15\" rel=\"bookmark\"><span class=\"screen-reader-text\">Windkraft &#8211; Umwelt- und Naturschutz<\/span><\/a><\/p>\n","protected":false},"author":1,"featured_media":0,"parent":35,"menu_order":0,"comment_status":"closed","ping_status":"closed","template":"","meta":{"neve_meta_sidebar":"","neve_meta_container":"","neve_meta_enable_content_width":"","neve_meta_content_width":0,"neve_meta_title_alignment":"","neve_meta_author_avatar":"","neve_post_elements_order":"","neve_meta_disable_header":"","neve_meta_disable_footer":"","neve_meta_disable_title":"","neve_meta_reading_time":"","footnotes":""},"class_list":["post-15","page","type-page","status-publish","hentry"],"_links":{"self":[{"href":"https:\/\/wollen-wir-windkraft.de\/index.php?rest_route=\/wp\/v2\/pages\/15","targetHints":{"allow":["GET"]}}],"collection":[{"href":"https:\/\/wollen-wir-windkraft.de\/index.php?rest_route=\/wp\/v2\/pages"}],"about":[{"href":"https:\/\/wollen-wir-windkraft.de\/index.php?rest_route=\/wp\/v2\/types\/page"}],"author":[{"embeddable":true,"href":"https:\/\/wollen-wir-windkraft.de\/index.php?rest_route=\/wp\/v2\/users\/1"}],"replies":[{"embeddable":true,"href":"https:\/\/wollen-wir-windkraft.de\/index.php?rest_route=%2Fwp%2Fv2%2Fcomments&post=15"}],"version-history":[{"count":35,"href":"https:\/\/wollen-wir-windkraft.de\/index.php?rest_route=\/wp\/v2\/pages\/15\/revisions"}],"predecessor-version":[{"id":547,"href":"https:\/\/wollen-wir-windkraft.de\/index.php?rest_route=\/wp\/v2\/pages\/15\/revisions\/547"}],"up":[{"embeddable":true,"href":"https:\/\/wollen-wir-windkraft.de\/index.php?rest_route=\/wp\/v2\/pages\/35"}],"wp:attachment":[{"href":"https:\/\/wollen-wir-windkraft.de\/index.php?rest_route=%2Fwp%2Fv2%2Fmedia&parent=15"}],"curies":[{"name":"wp","href":"https:\/\/api.w.org\/{rel}","templated":true}]}}