{"id":13,"date":"2025-11-04T14:09:55","date_gmt":"2025-11-04T13:09:55","guid":{"rendered":"https:\/\/wollen-wir-windkraft.de\/?page_id=13"},"modified":"2026-03-30T18:46:49","modified_gmt":"2026-03-30T16:46:49","slug":"wirtschaftlichkeit","status":"publish","type":"page","link":"https:\/\/wollen-wir-windkraft.de\/?page_id=13","title":{"rendered":"Windkraft und Wirtschaftlichkeit"},"content":{"rendered":"\n<p><strong><em>F\u00fcr diesen Themenbereich verweise ich ausdr\u00fccklich und unbedingt auf die Ausf\u00fchrungen von Stefan Spiegelsperger in seinen zahlreichen Videos und Vortr\u00e4gen:<\/em><\/strong><\/p>\n\n\n\n<p><a href=\"https:\/\/www.youtube.com\/@OutdoorChiemgau\/videos\">https:\/\/www.youtube.com\/@OutdoorChiemgau\/videos<\/a><\/p>\n\n\n\n<figure class=\"wp-block-image size-large\"><img loading=\"lazy\" decoding=\"async\" width=\"1024\" height=\"683\" src=\"https:\/\/wollen-wir-windkraft.de\/wp-content\/uploads\/2025\/12\/824898_april-april_moorhenne_pixelio-1024x683.jpg\" alt=\"\" class=\"wp-image-154\" srcset=\"https:\/\/wollen-wir-windkraft.de\/wp-content\/uploads\/2025\/12\/824898_april-april_moorhenne_pixelio-1024x683.jpg 1024w, https:\/\/wollen-wir-windkraft.de\/wp-content\/uploads\/2025\/12\/824898_april-april_moorhenne_pixelio-300x200.jpg 300w, https:\/\/wollen-wir-windkraft.de\/wp-content\/uploads\/2025\/12\/824898_april-april_moorhenne_pixelio-768x512.jpg 768w, https:\/\/wollen-wir-windkraft.de\/wp-content\/uploads\/2025\/12\/824898_april-april_moorhenne_pixelio-1536x1024.jpg 1536w, https:\/\/wollen-wir-windkraft.de\/wp-content\/uploads\/2025\/12\/824898_april-april_moorhenne_pixelio-2048x1365.jpg 2048w, https:\/\/wollen-wir-windkraft.de\/wp-content\/uploads\/2025\/12\/824898_april-april_moorhenne_pixelio-930x620.jpg 930w\" sizes=\"auto, (max-width: 1024px) 100vw, 1024px\" \/><\/figure>\n\n\n\n<p><\/p>\n\n\n\n<h2 class=\"wp-block-heading\"><strong>Wussten Sie, liebe Mitb\u00fcrgerinnen und Mitb\u00fcrger, dass:<\/strong><\/h2>\n\n\n\n<div class=\"wp-block-columns is-layout-flex wp-container-core-columns-is-layout-9d6595d7 wp-block-columns-is-layout-flex\">\n<div class=\"wp-block-column is-layout-flow wp-block-column-is-layout-flow\">\n<ul class=\"wp-block-list\">\n<li>die Windh\u00f6ffigkeiten (Durchschnittliche Windgeschwindigkeit) f\u00fcr die uns betreffenden Vorranggebiete zwischen 5,8 und 6,4 m\/s liegen, was einer Standortg\u00fcte von gerade einmal 67 bis 77 % entspricht? <a href=\"https:\/\/www.karten.energieatlas.bayern.de\/start\/?c=640128,5468475&amp;z=13&amp;r=0&amp;l=tk,16e00f5d-9389-417f-a774-7f055fd45d2b&amp;l_o=1,0.8&amp;t=wind&amp;cnids=12,121,124,125&amp;mid=0\">https:\/\/www.karten.energieatlas.bayern.de\/start\/?c=640128,5468475&amp;z=13&amp;r=0&amp;l=tk,16e00f5d-9389-417f-a774-7f055fd45d2b&amp;l_o=1,0.8&amp;t=wind&amp;cnids=12,121,124,125&amp;mid=0<\/a><\/li>\n<\/ul>\n\n\n\n<p><\/p>\n\n\n\n<div class=\"wp-block-columns is-layout-flex wp-container-core-columns-is-layout-9d6595d7 wp-block-columns-is-layout-flex\">\n<div class=\"wp-block-column is-layout-flow wp-block-column-is-layout-flow\" style=\"flex-basis:100%\">\n<p class=\"has-text-align-left\">In Niedersachsen werden WKA \u00fcberhaupt erst ab einer Windh\u00f6ffigkeit von &gt; 7,0 m\/s als wirtschaftlich rentabel angesehen.<\/p>\n<\/div>\n<\/div>\n\n\n\n<blockquote class=\"wp-block-quote is-layout-flow wp-block-quote-is-layout-flow\">\n<p>Zitat: <em>\u201eEs wird davon ausgegangen, dass in diesen Gebieten <\/em>(Windh\u00f6ffigkeit unter 7 m\/s; Anm. d. Autors) <em>die Windh\u00f6ffigkeit f\u00fcr einen profitablen Betrieb von WEA nicht &nbsp;ausreicht.\u201c<\/em> &nbsp;&nbsp;&nbsp;&nbsp;&nbsp;&nbsp;&nbsp;&nbsp;&nbsp;&nbsp;&nbsp; (<a href=\"https:\/\/www.umwelt.niedersachsen.de\/download\/213075\/Kriterienkatalog.pdf\" target=\"_blank\" rel=\"noreferrer noopener\">https:\/\/www.umwelt.niedersachsen.de\/download\/213075\/Kriterienkatalog.pdf<\/a>.)<\/p>\n<\/blockquote>\n<\/div>\n<\/div>\n\n\n\n<p>Hierzu sei auch ein aktueller und sehr lesenswerter Artikel von Apollo-News verlinkt: <a href=\"https:\/\/apollo-news.net\/instabil-ineffizient-und-unbezahlbar-trotz-ausbau-die-energiewende-stuerzt-deutschland-ins-stromchaos\/\" target=\"_blank\" rel=\"noreferrer noopener\">https:\/\/apollo-news.net\/instabil-ineffizient-und-unbezahlbar-trotz-ausbau-die-energiewende-stuerzt-deutschland-ins-stromchaos\/<\/a><\/p>\n\n\n\n<ul class=\"wp-block-list\">\n<li>WKA und auch Photovoltaik-Anlagen ohne entsprechende Speicherkapazit\u00e4t, die es in Deutschland nicht oder zu wenig gibt, sog. \u201eFlatterstrom\u201c produzieren, was zum sog. \u201eBlackout\u201c f\u00fchren kann und wird (siehe Spanien im April 2025)? In 2024 musste <strong>mehr als 17.000 Mal<\/strong> in das deutsche Stromnetz eingegriffen werden, um die n\u00f6tige Frequenz von 50 Hz stabil zu halten (sog. &#8222;Redispatch&#8220; <a href=\"https:\/\/www.youtube.com\/watch?v=Pid2n_a0s7o\">https:\/\/www.youtube.com\/watch?v=Pid2n_a0s7o<\/a>).  <\/li>\n\n\n\n<li>selbst der CEO von E-ON mittlerweile vor dem weiteren Ausbau von Wind- und Solaranlagen warnt?<\/li>\n\n\n\n<li>eine Untersuchung der Neuen Z\u00fcrcher Zeitung (NZZ) im Jahr 2023 ergeben hat, dass ein Viertel der 18.000 untersuchten WKA einen Kapazit\u00e4tsfaktor unter 20% aufwiesen? <a href=\"https:\/\/www.nzz.ch\/visuals\/windkraft-in-deutschland-grosse-versprechen-kleine-ertraege-ld.1710681\">https:\/\/www.nzz.ch\/visuals\/windkraft-in-deutschland-grosse-versprechen-kleine-ertraege-ld.1710681<\/a><\/li>\n\n\n\n<li>die versprochenen Renditen aus dem Betrieb der WKA allein durch staatliche F\u00f6rderungen garantiert sind? Sobald die Subventionen wegfallen ist der Betrieb von WKA nicht nur ein Draufzahlgesch\u00e4ft sondern eine \u201eGeldverbrennmaschine\u201c (negative Stromkosten). Anmerkung: Subventionen sind \u2013 wie alle staatlichen F\u00f6dergelder &#8211; nichts anderes als Steuergelder \u2013 Ihre Steuergelder\u2026 Siehe hierzu auch: <a href=\"https:\/\/tkp.at\/2026\/03\/26\/zunahme-des-insolvenzrisikos-bei-windparks-behoerden-muessen-handeln\/\">https:\/\/tkp.at\/2026\/03\/26\/zunahme-des-insolvenzrisikos-bei-windparks-behoerden-muessen-handeln\/<\/a><\/li>\n\n\n\n<li>Ihre Steuergelder dazu verwendet werden, den \u00fcbersch\u00fcssigen Strom an unsere Nachbarl\u00e4nder loszuwerden? Ja, richtig gelesen: Wir packen auf den Zuviel-Strom, der insbesondere an sonnigen und windigen Tagen produziert wird, noch staatliche Gelder obendrauf, damit er von z. B. den \u00d6sterreichern in ihr Stromnetz einflie\u00dfen kann und somit unser Netz (50 Hz) nicht \u00fcberlastet wird.<\/li>\n\n\n\n<li>Studien festgestellt haben, dass die Preise f\u00fcr Immobilien, die sich im Nah- und Sichtbereich der WKA befinden, bis zu <strong>17% Wertverlust<\/strong> verzeichnen k\u00f6nnen? <a href=\"https:\/\/fortschrittinfreiheit.de\/wp-content\/uploads\/2025\/05\/Stellungnahme-RA-Thomas-Mock-zu-DRS-18-11597.pdf\">https:\/\/fortschrittinfreiheit.de\/wp-content\/uploads\/2025\/05\/Stellungnahme-RA-Thomas-Mock-zu-DRS-18-11597.pdf<\/a>   Andere Untersuchungen kommen sogar auf bis zu 28% Wertverlust&#8230;<\/li>\n<\/ul>\n\n\n\n<ul class=\"wp-block-list\">\n<li>Speicher noch weit zu wenige vorhanden sind. Diese f\u00fchrten dazu, dass die KWh Strom statt 6 Ct dann 217 Ct kostet. Weitere Daten zu einem n\u00f6tigen Speicherausbau finden Sie hier: <a href=\"https:\/\/eike-klima-energie.eu\/2026\/03\/13\/wie-viel-batterieparks-sind-noetig-um-deutschland-mit-strom-zu-versorgen\/\">https:\/\/eike-klima-energie.eu\/2026\/03\/13\/wie-viel-batterieparks-sind-noetig-um-deutschland-mit-strom-zu-versorgen\/<\/a><\/li>\n\n\n\n<li>bei Halbierung der Windgeschwindigkeit nur noch ein Achtel der Leistung erzeugt wird? Umgekehrt wird bei einer Verdoppelung der Windgeschwindigkeit die achtfache Leistung erzeugt, sofern die Anlage das \u00fcberhaupt durchh\u00e4lt, weshalb meist eine Abschaltung erfolgt. Das bedeutet: Aktuell w\u00fcrden alle On- und Off-Shore-Windanlagen zusammen (also WKA an der K\u00fcste und im Binnenland) bei einer Windgeschwindigkeit von 50 km\/h (knapp 14 m\/s) insgesamt zirka 78 GW Leistung erzeugen, was den aktuellen Gesamtbedarf Deutschlands deckt. Bei nur 25 km\/h (knapp 7 m\/s) was der mittleren j\u00e4hrlichen Windgeschwindigkeit in Deutschland entspricht) werden nur noch knapp 10 GW erzeugt (ein Achtel eben). <a href=\"https:\/\/think-again.org\/sieg-der-dummheit\/\">https:\/\/think-again.org\/sieg-der-dummheit\/<\/a><\/li>\n<\/ul>\n\n\n\n<ul class=\"wp-block-list\">\n<li>der Wissenschaftliche Dienst des Deutschen Bundestages in der Kurzinformation <strong><em>&#8222;Zur Berechnung der Investitionskosten f\u00fcr die Energiewende&#8220;<\/em><\/strong> (WD 5 &#8211; 3000 &#8211; 135\/24 (16.09.2024)) erl\u00e4utert: <\/li>\n<\/ul>\n\n\n\n<figure class=\"wp-block-pullquote has-text-align-left\"><blockquote><p><em>&#8222;Je nach Betrachtungszeitraum werden die Kosten auf<br>Betr\u00e4ge zwischen 500 Milliarden Euro pro Jahr(5) oder <br>13,3 Billionen Euro insgesamt bis zum Jahr<br>2045(6) beziffert.&#8220;<\/em><\/p><cite><a href=\"https:\/\/www.bundestag.de\/resource\/blob\/1019134\/59b54bba98e93b9fecf43013668d86b3\/WD-5-135-24-pdf.pdf\">https:\/\/www.bundestag.de\/resource\/blob\/1019134\/59b54bba98e93b9fecf43013668d86b3\/WD-5-135-24-pdf.pdf<\/a><\/cite><\/blockquote><\/figure>\n","protected":false},"excerpt":{"rendered":"<p>F\u00fcr diesen Themenbereich verweise ich ausdr\u00fccklich und unbedingt auf die Ausf\u00fchrungen von Stefan Spiegelsperger in seinen zahlreichen Videos und Vortr\u00e4gen: https:\/\/www.youtube.com\/@OutdoorChiemgau\/videos Wussten Sie, liebe Mitb\u00fcrgerinnen und Mitb\u00fcrger, dass: In Niedersachsen werden WKA \u00fcberhaupt erst ab einer Windh\u00f6ffigkeit von &gt; 7,0 m\/s als wirtschaftlich rentabel angesehen. Zitat: \u201eEs wird davon ausgegangen, dass in diesen Gebieten (Windh\u00f6ffigkeit&hellip;&nbsp;<a href=\"https:\/\/wollen-wir-windkraft.de\/?page_id=13\" rel=\"bookmark\"><span class=\"screen-reader-text\">Windkraft und Wirtschaftlichkeit<\/span><\/a><\/p>\n","protected":false},"author":1,"featured_media":0,"parent":35,"menu_order":2,"comment_status":"closed","ping_status":"closed","template":"","meta":{"neve_meta_sidebar":"","neve_meta_container":"","neve_meta_enable_content_width":"","neve_meta_content_width":0,"neve_meta_title_alignment":"","neve_meta_author_avatar":"","neve_post_elements_order":"","neve_meta_disable_header":"","neve_meta_disable_footer":"","neve_meta_disable_title":"","neve_meta_reading_time":"","footnotes":""},"class_list":["post-13","page","type-page","status-publish","hentry"],"_links":{"self":[{"href":"https:\/\/wollen-wir-windkraft.de\/index.php?rest_route=\/wp\/v2\/pages\/13","targetHints":{"allow":["GET"]}}],"collection":[{"href":"https:\/\/wollen-wir-windkraft.de\/index.php?rest_route=\/wp\/v2\/pages"}],"about":[{"href":"https:\/\/wollen-wir-windkraft.de\/index.php?rest_route=\/wp\/v2\/types\/page"}],"author":[{"embeddable":true,"href":"https:\/\/wollen-wir-windkraft.de\/index.php?rest_route=\/wp\/v2\/users\/1"}],"replies":[{"embeddable":true,"href":"https:\/\/wollen-wir-windkraft.de\/index.php?rest_route=%2Fwp%2Fv2%2Fcomments&post=13"}],"version-history":[{"count":34,"href":"https:\/\/wollen-wir-windkraft.de\/index.php?rest_route=\/wp\/v2\/pages\/13\/revisions"}],"predecessor-version":[{"id":532,"href":"https:\/\/wollen-wir-windkraft.de\/index.php?rest_route=\/wp\/v2\/pages\/13\/revisions\/532"}],"up":[{"embeddable":true,"href":"https:\/\/wollen-wir-windkraft.de\/index.php?rest_route=\/wp\/v2\/pages\/35"}],"wp:attachment":[{"href":"https:\/\/wollen-wir-windkraft.de\/index.php?rest_route=%2Fwp%2Fv2%2Fmedia&parent=13"}],"curies":[{"name":"wp","href":"https:\/\/api.w.org\/{rel}","templated":true}]}}